{"id":11149,"date":"2023-06-27T15:02:37","date_gmt":"2023-06-27T13:02:37","guid":{"rendered":"https:\/\/metalimpexgroup.com\/cookies-declaration\/"},"modified":"2023-07-19T16:00:06","modified_gmt":"2023-07-19T14:00:06","slug":"cookies-declaration","status":"publish","type":"page","link":"https:\/\/metalimpexgroup.com\/es\/cookies-declaration\/","title":{"rendered":"Cookies declaration"},"content":{"rendered":"\t\t<div data-elementor-type=\"wp-page\" data-elementor-id=\"11149\" class=\"elementor elementor-11149 elementor-11143\" data-elementor-post-type=\"page\">\n\t\t\t\t\t\t<section class=\"has_eae_slider elementor-section elementor-top-section elementor-element elementor-element-aeae409 elementor-section-boxed elementor-section-height-default elementor-section-height-default\" data-eae-slider=\"90124\" data-id=\"aeae409\" data-element_type=\"section\" data-e-type=\"section\">\n\t\t\t\t\t\t<div class=\"elementor-container elementor-column-gap-default\">\n\t\t\t\t\t<div class=\"has_eae_slider elementor-column elementor-col-100 elementor-top-column elementor-element elementor-element-9287d12\" data-eae-slider=\"69202\" data-id=\"9287d12\" data-element_type=\"column\" data-e-type=\"column\">\n\t\t\t<div class=\"elementor-widget-wrap elementor-element-populated\">\n\t\t\t\t\t\t<div class=\"elementor-element elementor-element-8147af7 elementor-widget elementor-widget-text-editor\" data-id=\"8147af7\" data-element_type=\"widget\" data-e-type=\"widget\" data-widget_type=\"text-editor.default\">\n\t\t\t\t<div class=\"elementor-widget-container\">\n\t\t\t\t\t\t\t\t\t<p>La opci\u00f3n \u00abopt-out\u00bb implementada por el servicio Piano Analytics (AT Internet) permite excluir los datos<br \/>sus datos de navegaci\u00f3n en metalimpexgroup.com\/es\/, que utiliza la audiencia de Piano Analytics (AT Internet)<br \/>(AT Internet), que recopila datos estad\u00edsticos.<br \/>Para activar esta opci\u00f3n, primero debe activar el dep\u00f3sito de una cookie \u00abanalyticsOptOut\u00bb.<br \/>Esta activaci\u00f3n garantiza que su solicitud de exclusi\u00f3n voluntaria ser\u00e1 reconocida y recordada cada vez que usted<br \/>visite metalimpexgroup-preprod.krealid.com. Esta opci\u00f3n s\u00f3lo se tendr\u00e1 en cuenta en el<br \/>el navegador en el que se almacene la cookie de inhabilitaci\u00f3n. Si no activa esta cookie, si posteriormente la<br \/>la borra despu\u00e9s o si visita metalimpexgroup-preprod.krealid.com en modo de navegaci\u00f3n privada, no podremos<br \/>navegaci\u00f3n privada, no podremos detectar su solicitud y seguiremos recopilando<br \/>datos de rastreo.<br \/>Entiendo que tras activar esta opci\u00f3n, ser\u00e9 contabilizado como usuario de Internet que<br \/>rechaza ser auditado y que mis datos de navegaci\u00f3n ser\u00e1n excluidos de los datos devueltos por<br \/>Piano Analytics (AT Internet).<\/p>\t\t\t\t\t\t\t\t<\/div>\n\t\t\t\t<\/div>\n\t\t\t\t<div class=\"elementor-element elementor-element-d620638 elementor-align-center elementor-widget elementor-widget-button\" data-id=\"d620638\" data-element_type=\"widget\" data-e-type=\"widget\" data-widget_type=\"button.default\">\n\t\t\t\t<div class=\"elementor-widget-container\">\n\t\t\t\t\t\t\t\t\t<div class=\"elementor-button-wrapper\">\n\t\t\t\t\t<a class=\"elementor-button elementor-button-link elementor-size-sm\" href=\"#\">\n\t\t\t\t\t\t<span class=\"elementor-button-content-wrapper\">\n\t\t\t\t\t\t\t\t\t<span class=\"elementor-button-text\">Activar la opci\u00f3n de exclusi\u00f3n<\/span>\n\t\t\t\t\t<\/span>\n\t\t\t\t\t<\/a>\n\t\t\t\t<\/div>\n\t\t\t\t\t\t\t\t<\/div>\n\t\t\t\t<\/div>\n\t\t\t\t\t<\/div>\n\t\t<\/div>\n\t\t\t\t\t<\/div>\n\t\t<\/section>\n\t\t\t\t<\/div>\n\t\t","protected":false},"excerpt":{"rendered":"<p>La opci\u00f3n \u00abopt-out\u00bb implementada por el servicio Piano Analytics (AT Internet) permite excluir los datossus datos de navegaci\u00f3n en metalimpexgroup.com\/es\/, que utiliza la audiencia de Piano Analytics (AT Internet)(AT Internet), que recopila datos estad\u00edsticos.Para activar esta opci\u00f3n, primero debe activar el dep\u00f3sito de una cookie \u00abanalyticsOptOut\u00bb.Esta activaci\u00f3n garantiza que su solicitud de exclusi\u00f3n voluntaria ser\u00e1 [&hellip;]<\/p>\n","protected":false},"author":1,"featured_media":0,"parent":0,"menu_order":0,"comment_status":"closed","ping_status":"closed","template":"","meta":{"_acf_changed":false,"inline_featured_image":false,"footnotes":""},"class_list":["post-11149","page","type-page","status-publish","hentry"],"acf":[],"yoast_head":"<!-- This site is optimized with the Yoast SEO plugin v27.3 - https:\/\/yoast.com\/product\/yoast-seo-wordpress\/ -->\n<title>Cookies declaration - Metalimpex Group<\/title>\n<meta name=\"robots\" content=\"index, follow, max-snippet:-1, max-image-preview:large, max-video-preview:-1\" \/>\n<link rel=\"canonical\" href=\"https:\/\/metalimpexgroup.com\/es\/cookies-declaration\/\" \/>\n<meta property=\"og:locale\" content=\"es_ES\" \/>\n<meta property=\"og:type\" content=\"article\" \/>\n<meta property=\"og:title\" content=\"Cookies declaration - Metalimpex Group\" \/>\n<meta property=\"og:description\" content=\"La opci\u00f3n \u00abopt-out\u00bb implementada por el servicio Piano Analytics (AT Internet) permite excluir los datossus datos de navegaci\u00f3n en metalimpexgroup.com\/es\/, que utiliza la audiencia de Piano Analytics (AT Internet)(AT Internet), que recopila datos estad\u00edsticos.Para activar esta opci\u00f3n, primero debe activar el dep\u00f3sito de una cookie \u00abanalyticsOptOut\u00bb.Esta activaci\u00f3n garantiza que su solicitud de exclusi\u00f3n voluntaria ser\u00e1 [&hellip;]\" \/>\n<meta property=\"og:url\" content=\"https:\/\/metalimpexgroup.com\/es\/cookies-declaration\/\" \/>\n<meta property=\"og:site_name\" content=\"Metalimpex Group\" \/>\n<meta property=\"article:modified_time\" content=\"2023-07-19T14:00:06+00:00\" \/>\n<meta property=\"og:image\" content=\"https:\/\/metalimpexgroup.com\/wp-content\/uploads\/2022\/07\/Campa-Magaz-vista-fragmentador-scaled.jpg\" \/>\n\t<meta property=\"og:image:width\" content=\"2560\" \/>\n\t<meta property=\"og:image:height\" content=\"1702\" \/>\n\t<meta property=\"og:image:type\" content=\"image\/jpeg\" \/>\n<meta name=\"twitter:card\" content=\"summary_large_image\" \/>\n<meta name=\"twitter:label1\" content=\"Tiempo de lectura\" \/>\n\t<meta name=\"twitter:data1\" content=\"1 minuto\" \/>\n<script type=\"application\/ld+json\" class=\"yoast-schema-graph\">{\"@context\":\"https:\\\/\\\/schema.org\",\"@graph\":[{\"@type\":\"WebPage\",\"@id\":\"https:\\\/\\\/metalimpexgroup.com\\\/es\\\/cookies-declaration\\\/\",\"url\":\"https:\\\/\\\/metalimpexgroup.com\\\/es\\\/cookies-declaration\\\/\",\"name\":\"Cookies declaration - Metalimpex Group\",\"isPartOf\":{\"@id\":\"https:\\\/\\\/metalimpexgroup.com\\\/#website\"},\"datePublished\":\"2023-06-27T13:02:37+00:00\",\"dateModified\":\"2023-07-19T14:00:06+00:00\",\"breadcrumb\":{\"@id\":\"https:\\\/\\\/metalimpexgroup.com\\\/es\\\/cookies-declaration\\\/#breadcrumb\"},\"inLanguage\":\"es\",\"potentialAction\":[{\"@type\":\"ReadAction\",\"target\":[\"https:\\\/\\\/metalimpexgroup.com\\\/es\\\/cookies-declaration\\\/\"]}]},{\"@type\":\"BreadcrumbList\",\"@id\":\"https:\\\/\\\/metalimpexgroup.com\\\/es\\\/cookies-declaration\\\/#breadcrumb\",\"itemListElement\":[{\"@type\":\"ListItem\",\"position\":1,\"name\":\"Accueil\",\"item\":\"https:\\\/\\\/metalimpexgroup.com\\\/es\\\/\"},{\"@type\":\"ListItem\",\"position\":2,\"name\":\"Cookies declaration\"}]},{\"@type\":\"WebSite\",\"@id\":\"https:\\\/\\\/metalimpexgroup.com\\\/#website\",\"url\":\"https:\\\/\\\/metalimpexgroup.com\\\/\",\"name\":\"Metalimpex Group\",\"description\":\"Expert de la valorisation des m\u00e9taux ferreux et non-ferreux\",\"publisher\":{\"@id\":\"https:\\\/\\\/metalimpexgroup.com\\\/#organization\"},\"potentialAction\":[{\"@type\":\"SearchAction\",\"target\":{\"@type\":\"EntryPoint\",\"urlTemplate\":\"https:\\\/\\\/metalimpexgroup.com\\\/?s={search_term_string}\"},\"query-input\":{\"@type\":\"PropertyValueSpecification\",\"valueRequired\":true,\"valueName\":\"search_term_string\"}}],\"inLanguage\":\"es\"},{\"@type\":\"Organization\",\"@id\":\"https:\\\/\\\/metalimpexgroup.com\\\/#organization\",\"name\":\"Metalimpex Group\",\"url\":\"https:\\\/\\\/metalimpexgroup.com\\\/\",\"logo\":{\"@type\":\"ImageObject\",\"inLanguage\":\"es\",\"@id\":\"https:\\\/\\\/metalimpexgroup.com\\\/#\\\/schema\\\/logo\\\/image\\\/\",\"url\":\"https:\\\/\\\/metalimpexgroup.com\\\/wp-content\\\/uploads\\\/2022\\\/07\\\/logo-white.svg\",\"contentUrl\":\"https:\\\/\\\/metalimpexgroup.com\\\/wp-content\\\/uploads\\\/2022\\\/07\\\/logo-white.svg\",\"width\":135,\"height\":65,\"caption\":\"Metalimpex Group\"},\"image\":{\"@id\":\"https:\\\/\\\/metalimpexgroup.com\\\/#\\\/schema\\\/logo\\\/image\\\/\"}}]}<\/script>\n<!-- \/ Yoast SEO plugin. -->","yoast_head_json":{"title":"Cookies declaration - Metalimpex Group","robots":{"index":"index","follow":"follow","max-snippet":"max-snippet:-1","max-image-preview":"max-image-preview:large","max-video-preview":"max-video-preview:-1"},"canonical":"https:\/\/metalimpexgroup.com\/es\/cookies-declaration\/","og_locale":"es_ES","og_type":"article","og_title":"Cookies declaration - Metalimpex Group","og_description":"La opci\u00f3n \u00abopt-out\u00bb implementada por el servicio Piano Analytics (AT Internet) permite excluir los datossus datos de navegaci\u00f3n en metalimpexgroup.com\/es\/, que utiliza la audiencia de Piano Analytics (AT Internet)(AT Internet), que recopila datos estad\u00edsticos.Para activar esta opci\u00f3n, primero debe activar el dep\u00f3sito de una cookie \u00abanalyticsOptOut\u00bb.Esta activaci\u00f3n garantiza que su solicitud de exclusi\u00f3n voluntaria ser\u00e1 [&hellip;]","og_url":"https:\/\/metalimpexgroup.com\/es\/cookies-declaration\/","og_site_name":"Metalimpex Group","article_modified_time":"2023-07-19T14:00:06+00:00","og_image":[{"width":2560,"height":1702,"url":"https:\/\/metalimpexgroup.com\/wp-content\/uploads\/2022\/07\/Campa-Magaz-vista-fragmentador-scaled.jpg","type":"image\/jpeg"}],"twitter_card":"summary_large_image","twitter_misc":{"Tiempo de lectura":"1 minuto"},"schema":{"@context":"https:\/\/schema.org","@graph":[{"@type":"WebPage","@id":"https:\/\/metalimpexgroup.com\/es\/cookies-declaration\/","url":"https:\/\/metalimpexgroup.com\/es\/cookies-declaration\/","name":"Cookies declaration - Metalimpex Group","isPartOf":{"@id":"https:\/\/metalimpexgroup.com\/#website"},"datePublished":"2023-06-27T13:02:37+00:00","dateModified":"2023-07-19T14:00:06+00:00","breadcrumb":{"@id":"https:\/\/metalimpexgroup.com\/es\/cookies-declaration\/#breadcrumb"},"inLanguage":"es","potentialAction":[{"@type":"ReadAction","target":["https:\/\/metalimpexgroup.com\/es\/cookies-declaration\/"]}]},{"@type":"BreadcrumbList","@id":"https:\/\/metalimpexgroup.com\/es\/cookies-declaration\/#breadcrumb","itemListElement":[{"@type":"ListItem","position":1,"name":"Accueil","item":"https:\/\/metalimpexgroup.com\/es\/"},{"@type":"ListItem","position":2,"name":"Cookies declaration"}]},{"@type":"WebSite","@id":"https:\/\/metalimpexgroup.com\/#website","url":"https:\/\/metalimpexgroup.com\/","name":"Metalimpex Group","description":"Expert de la valorisation des m\u00e9taux ferreux et non-ferreux","publisher":{"@id":"https:\/\/metalimpexgroup.com\/#organization"},"potentialAction":[{"@type":"SearchAction","target":{"@type":"EntryPoint","urlTemplate":"https:\/\/metalimpexgroup.com\/?s={search_term_string}"},"query-input":{"@type":"PropertyValueSpecification","valueRequired":true,"valueName":"search_term_string"}}],"inLanguage":"es"},{"@type":"Organization","@id":"https:\/\/metalimpexgroup.com\/#organization","name":"Metalimpex Group","url":"https:\/\/metalimpexgroup.com\/","logo":{"@type":"ImageObject","inLanguage":"es","@id":"https:\/\/metalimpexgroup.com\/#\/schema\/logo\/image\/","url":"https:\/\/metalimpexgroup.com\/wp-content\/uploads\/2022\/07\/logo-white.svg","contentUrl":"https:\/\/metalimpexgroup.com\/wp-content\/uploads\/2022\/07\/logo-white.svg","width":135,"height":65,"caption":"Metalimpex Group"},"image":{"@id":"https:\/\/metalimpexgroup.com\/#\/schema\/logo\/image\/"}}]}},"_links":{"self":[{"href":"https:\/\/metalimpexgroup.com\/es\/wp-json\/wp\/v2\/pages\/11149","targetHints":{"allow":["GET"]}}],"collection":[{"href":"https:\/\/metalimpexgroup.com\/es\/wp-json\/wp\/v2\/pages"}],"about":[{"href":"https:\/\/metalimpexgroup.com\/es\/wp-json\/wp\/v2\/types\/page"}],"author":[{"embeddable":true,"href":"https:\/\/metalimpexgroup.com\/es\/wp-json\/wp\/v2\/users\/1"}],"replies":[{"embeddable":true,"href":"https:\/\/metalimpexgroup.com\/es\/wp-json\/wp\/v2\/comments?post=11149"}],"version-history":[{"count":6,"href":"https:\/\/metalimpexgroup.com\/es\/wp-json\/wp\/v2\/pages\/11149\/revisions"}],"predecessor-version":[{"id":11205,"href":"https:\/\/metalimpexgroup.com\/es\/wp-json\/wp\/v2\/pages\/11149\/revisions\/11205"}],"wp:attachment":[{"href":"https:\/\/metalimpexgroup.com\/es\/wp-json\/wp\/v2\/media?parent=11149"}],"curies":[{"name":"wp","href":"https:\/\/api.w.org\/{rel}","templated":true}]}}