{"id":11332,"date":"2023-12-05T09:17:26","date_gmt":"2023-12-05T08:17:26","guid":{"rendered":"https:\/\/metalimpexgroup.com\/?page_id=11332"},"modified":"2023-12-05T09:47:50","modified_gmt":"2023-12-05T08:47:50","slug":"canal-de-denuncias","status":"publish","type":"page","link":"https:\/\/metalimpexgroup.com\/es\/canal-de-denuncias\/","title":{"rendered":"Canal de Denuncias"},"content":{"rendered":"\t\t<div data-elementor-type=\"wp-page\" data-elementor-id=\"11332\" class=\"elementor elementor-11332\" data-elementor-post-type=\"page\">\n\t\t\t\t\t\t<section class=\"has_eae_slider elementor-section elementor-top-section elementor-element elementor-element-e82ae37 elementor-section-boxed elementor-section-height-default elementor-section-height-default\" data-eae-slider=\"36800\" data-id=\"e82ae37\" data-element_type=\"section\" data-e-type=\"section\">\n\t\t\t\t\t\t<div class=\"elementor-container elementor-column-gap-default\">\n\t\t\t\t\t<div class=\"has_eae_slider elementor-column elementor-col-100 elementor-top-column elementor-element elementor-element-c87743e\" data-eae-slider=\"73819\" data-id=\"c87743e\" data-element_type=\"column\" data-e-type=\"column\">\n\t\t\t<div class=\"elementor-widget-wrap elementor-element-populated\">\n\t\t\t\t\t\t<div class=\"elementor-element elementor-element-44fc0ef elementor-widget elementor-widget-heading\" data-id=\"44fc0ef\" data-element_type=\"widget\" data-e-type=\"widget\" data-widget_type=\"heading.default\">\n\t\t\t\t<div class=\"elementor-widget-container\">\n\t\t\t\t\t<h1 class=\"elementor-heading-title elementor-size-default\">CANAL DE DENUNCIAS<\/h1>\t\t\t\t<\/div>\n\t\t\t\t<\/div>\n\t\t\t\t\t<\/div>\n\t\t<\/div>\n\t\t\t\t\t<\/div>\n\t\t<\/section>\n\t\t\t\t<section class=\"has_eae_slider elementor-section elementor-top-section elementor-element elementor-element-176947f elementor-section-boxed elementor-section-height-default elementor-section-height-default\" data-eae-slider=\"84617\" data-id=\"176947f\" data-element_type=\"section\" data-e-type=\"section\">\n\t\t\t\t\t\t<div class=\"elementor-container elementor-column-gap-default\">\n\t\t\t\t\t<div class=\"has_eae_slider elementor-column elementor-col-100 elementor-top-column elementor-element elementor-element-dfa0642\" data-eae-slider=\"16997\" data-id=\"dfa0642\" data-element_type=\"column\" data-e-type=\"column\">\n\t\t\t<div class=\"elementor-widget-wrap elementor-element-populated\">\n\t\t\t\t\t\t<div class=\"elementor-element elementor-element-bf198cc elementor-widget elementor-widget-text-editor\" data-id=\"bf198cc\" data-element_type=\"widget\" data-e-type=\"widget\" data-widget_type=\"text-editor.default\">\n\t\t\t\t<div class=\"elementor-widget-container\">\n\t\t\t\t\t\t\t\t\t<p>En METALIMPEX IBERICA, S.A.U., nos esforzamos por mantener los m\u00e1s altos est\u00e1ndares \u00e9ticos y promover un ambiente de trabajo seguro y saludable para todos. Creemos en la transparencia y la responsabilidad, y para respaldar estos valores, hemos establecido nuestro Canal de Denuncias como una herramienta crucial en nuestra misi\u00f3n de mantener la integridad y la confianza en todas nuestras operaciones.<\/p>\t\t\t\t\t\t\t\t<\/div>\n\t\t\t\t<\/div>\n\t\t\t\t\t<\/div>\n\t\t<\/div>\n\t\t\t\t\t<\/div>\n\t\t<\/section>\n\t\t\t\t<section class=\"has_eae_slider elementor-section elementor-top-section elementor-element elementor-element-76b8b57 elementor-section-boxed elementor-section-height-default elementor-section-height-default\" data-eae-slider=\"19896\" data-id=\"76b8b57\" data-element_type=\"section\" data-e-type=\"section\">\n\t\t\t\t\t\t<div class=\"elementor-container elementor-column-gap-default\">\n\t\t\t\t\t<div class=\"has_eae_slider elementor-column elementor-col-100 elementor-top-column elementor-element elementor-element-2a2d7f8\" data-eae-slider=\"89578\" data-id=\"2a2d7f8\" data-element_type=\"column\" data-e-type=\"column\">\n\t\t\t<div class=\"elementor-widget-wrap elementor-element-populated\">\n\t\t\t\t\t\t<div class=\"elementor-element elementor-element-a24a9c8 elementor-widget elementor-widget-heading\" data-id=\"a24a9c8\" data-element_type=\"widget\" data-e-type=\"widget\" data-widget_type=\"heading.default\">\n\t\t\t\t<div class=\"elementor-widget-container\">\n\t\t\t\t\t<h2 class=\"elementor-heading-title elementor-size-default\">\u00bfQu\u00e9 es el Canal de Denuncias?<\/h2>\t\t\t\t<\/div>\n\t\t\t\t<\/div>\n\t\t\t\t\t<\/div>\n\t\t<\/div>\n\t\t\t\t\t<\/div>\n\t\t<\/section>\n\t\t\t\t<section class=\"has_eae_slider elementor-section elementor-top-section elementor-element elementor-element-c1d633c elementor-section-boxed elementor-section-height-default elementor-section-height-default\" data-eae-slider=\"43709\" data-id=\"c1d633c\" data-element_type=\"section\" data-e-type=\"section\">\n\t\t\t\t\t\t<div class=\"elementor-container elementor-column-gap-default\">\n\t\t\t\t\t<div class=\"has_eae_slider elementor-column elementor-col-100 elementor-top-column elementor-element elementor-element-70a5f42\" data-eae-slider=\"53379\" data-id=\"70a5f42\" data-element_type=\"column\" data-e-type=\"column\">\n\t\t\t<div class=\"elementor-widget-wrap elementor-element-populated\">\n\t\t\t\t\t\t<div class=\"elementor-element elementor-element-4293b2c elementor-widget elementor-widget-text-editor\" data-id=\"4293b2c\" data-element_type=\"widget\" data-e-type=\"widget\" data-widget_type=\"text-editor.default\">\n\t\t\t\t<div class=\"elementor-widget-container\">\n\t\t\t\t\t\t\t\t\t<p>El Canal de Denuncias es una plataforma segura y confidencial dise\u00f1ada para que empleados, clientes, proveedores y cualquier otra parte interesada informen sobre conductas inapropiadas, violaciones \u00e9ticas o cualquier otra preocupaci\u00f3n relacionada con la integridad y el cumplimiento en METALIMPEX IBERICA, S.A.U.<\/p>\t\t\t\t\t\t\t\t<\/div>\n\t\t\t\t<\/div>\n\t\t\t\t\t<\/div>\n\t\t<\/div>\n\t\t\t\t\t<\/div>\n\t\t<\/section>\n\t\t\t\t<section class=\"has_eae_slider elementor-section elementor-top-section elementor-element elementor-element-17111f2 elementor-section-boxed elementor-section-height-default elementor-section-height-default\" data-eae-slider=\"43554\" data-id=\"17111f2\" data-element_type=\"section\" data-e-type=\"section\">\n\t\t\t\t\t\t<div class=\"elementor-container elementor-column-gap-default\">\n\t\t\t\t\t<div class=\"has_eae_slider elementor-column elementor-col-100 elementor-top-column elementor-element elementor-element-3956e73\" data-eae-slider=\"18665\" data-id=\"3956e73\" data-element_type=\"column\" data-e-type=\"column\">\n\t\t\t<div class=\"elementor-widget-wrap elementor-element-populated\">\n\t\t\t\t\t\t<div class=\"elementor-element elementor-element-be92614 elementor-widget elementor-widget-heading\" data-id=\"be92614\" data-element_type=\"widget\" data-e-type=\"widget\" data-widget_type=\"heading.default\">\n\t\t\t\t<div class=\"elementor-widget-container\">\n\t\t\t\t\t<h2 class=\"elementor-heading-title elementor-size-default\">\u00bfPor qu\u00e9 usar el Canal de Denuncias?<\/h2>\t\t\t\t<\/div>\n\t\t\t\t<\/div>\n\t\t\t\t\t<\/div>\n\t\t<\/div>\n\t\t\t\t\t<\/div>\n\t\t<\/section>\n\t\t\t\t<section class=\"has_eae_slider elementor-section elementor-top-section elementor-element elementor-element-052ac26 elementor-section-boxed elementor-section-height-default elementor-section-height-default\" data-eae-slider=\"74963\" data-id=\"052ac26\" data-element_type=\"section\" data-e-type=\"section\">\n\t\t\t\t\t\t<div class=\"elementor-container elementor-column-gap-default\">\n\t\t\t\t\t<div class=\"has_eae_slider elementor-column elementor-col-100 elementor-top-column elementor-element elementor-element-3a9d207\" data-eae-slider=\"70634\" data-id=\"3a9d207\" data-element_type=\"column\" data-e-type=\"column\">\n\t\t\t<div class=\"elementor-widget-wrap elementor-element-populated\">\n\t\t\t\t\t\t<div class=\"elementor-element elementor-element-b98d2d0 elementor-widget elementor-widget-text-editor\" data-id=\"b98d2d0\" data-element_type=\"widget\" data-e-type=\"widget\" data-widget_type=\"text-editor.default\">\n\t\t\t\t<div class=\"elementor-widget-container\">\n\t\t\t\t\t\t\t\t\t<p>Confidencialidad Garantizada: Valoramos la privacidad de quienes informan y garantizamos la confidencialidad en todo el proceso de investigaci\u00f3n.<\/p>\n<p><!-- \/wp:paragraph --><!-- wp:paragraph --><\/p>\n<p>Sin Miedo a Represalias: Nos comprometemos a proteger a quienes presentan denuncias de represalias. Animamos a la denuncia de cualquier acto sin temor a consecuencias negativas.<\/p>\n<p><!-- \/wp:paragraph --><!-- wp:paragraph --><\/p>\n<p>Investigaci\u00f3n Imparcial: Todas las denuncias ser\u00e1n tratadas de manera justa e imparcial. Contamos con un equipo especializado para investigar cada caso de manera exhaustiva.<\/p>\n<p><!-- \/wp:paragraph --><!-- wp:paragraph --><\/p>\t\t\t\t\t\t\t\t<\/div>\n\t\t\t\t<\/div>\n\t\t\t\t\t<\/div>\n\t\t<\/div>\n\t\t\t\t\t<\/div>\n\t\t<\/section>\n\t\t\t\t<section class=\"has_eae_slider elementor-section elementor-top-section elementor-element elementor-element-cf284ac elementor-section-boxed elementor-section-height-default elementor-section-height-default\" data-eae-slider=\"50905\" data-id=\"cf284ac\" data-element_type=\"section\" data-e-type=\"section\">\n\t\t\t\t\t\t<div class=\"elementor-container elementor-column-gap-default\">\n\t\t\t\t\t<div class=\"has_eae_slider elementor-column elementor-col-100 elementor-top-column elementor-element elementor-element-b52e3f8\" data-eae-slider=\"76173\" data-id=\"b52e3f8\" data-element_type=\"column\" data-e-type=\"column\">\n\t\t\t<div class=\"elementor-widget-wrap elementor-element-populated\">\n\t\t\t\t\t\t<div class=\"elementor-element elementor-element-c08eb1d elementor-widget elementor-widget-heading\" data-id=\"c08eb1d\" data-element_type=\"widget\" data-e-type=\"widget\" data-widget_type=\"heading.default\">\n\t\t\t\t<div class=\"elementor-widget-container\">\n\t\t\t\t\t<h2 class=\"elementor-heading-title elementor-size-default\">\u00bfQu\u00e9 tipos de denuncias se pueden presentar?<\/h2>\t\t\t\t<\/div>\n\t\t\t\t<\/div>\n\t\t\t\t\t<\/div>\n\t\t<\/div>\n\t\t\t\t\t<\/div>\n\t\t<\/section>\n\t\t\t\t<section class=\"has_eae_slider elementor-section elementor-top-section elementor-element elementor-element-ee034f2 elementor-section-boxed elementor-section-height-default elementor-section-height-default\" data-eae-slider=\"27760\" data-id=\"ee034f2\" data-element_type=\"section\" data-e-type=\"section\">\n\t\t\t\t\t\t<div class=\"elementor-container elementor-column-gap-default\">\n\t\t\t\t\t<div class=\"has_eae_slider elementor-column elementor-col-100 elementor-top-column elementor-element elementor-element-a7c2410\" data-eae-slider=\"56280\" data-id=\"a7c2410\" data-element_type=\"column\" data-e-type=\"column\">\n\t\t\t<div class=\"elementor-widget-wrap elementor-element-populated\">\n\t\t\t\t\t\t<div class=\"elementor-element elementor-element-a4a6d69 elementor-widget elementor-widget-text-editor\" data-id=\"a4a6d69\" data-element_type=\"widget\" data-e-type=\"widget\" data-widget_type=\"text-editor.default\">\n\t\t\t\t<div class=\"elementor-widget-container\">\n\t\t\t\t\t\t\t\t\t<p>Conducta Inapropiada: Comportamientos que violan nuestras pol\u00edticas internas o leyes aplicables.<\/p>\n<p><!-- \/wp:paragraph --><!-- wp:paragraph --><\/p>\n<p>Fraude o Corrupci\u00f3n: Informaci\u00f3n sobre actividades fraudulentas o corrupci\u00f3n dentro de la organizaci\u00f3n.<\/p>\n<p><!-- \/wp:paragraph --><!-- wp:paragraph --><\/p>\n<p>Violaciones \u00c9ticas: Acciones que van en contra de nuestros valores \u00e9ticos y principios fundamentales.<\/p>\n<p><!-- \/wp:paragraph --><!-- wp:paragraph --><\/p>\n<p>Preocupaciones de Seguridad: Problemas relacionados con la seguridad de nuestros productos, servicios o instalaciones.<\/p>\n<p><!-- \/wp:paragraph --><!-- wp:paragraph --><\/p>\t\t\t\t\t\t\t\t<\/div>\n\t\t\t\t<\/div>\n\t\t\t\t\t<\/div>\n\t\t<\/div>\n\t\t\t\t\t<\/div>\n\t\t<\/section>\n\t\t\t\t<section class=\"has_eae_slider elementor-section elementor-top-section elementor-element elementor-element-fedff39 elementor-section-boxed elementor-section-height-default elementor-section-height-default\" data-eae-slider=\"68555\" data-id=\"fedff39\" data-element_type=\"section\" data-e-type=\"section\">\n\t\t\t\t\t\t<div class=\"elementor-container elementor-column-gap-default\">\n\t\t\t\t\t<div class=\"has_eae_slider elementor-column elementor-col-100 elementor-top-column elementor-element elementor-element-04f1caa\" data-eae-slider=\"35612\" data-id=\"04f1caa\" data-element_type=\"column\" data-e-type=\"column\">\n\t\t\t<div class=\"elementor-widget-wrap elementor-element-populated\">\n\t\t\t\t\t\t<div class=\"elementor-element elementor-element-c7705a4 elementor-widget elementor-widget-heading\" data-id=\"c7705a4\" data-element_type=\"widget\" data-e-type=\"widget\" data-widget_type=\"heading.default\">\n\t\t\t\t<div class=\"elementor-widget-container\">\n\t\t\t\t\t<h2 class=\"elementor-heading-title elementor-size-default\">C\u00f3mo Presentar una Denuncia:<\/h2>\t\t\t\t<\/div>\n\t\t\t\t<\/div>\n\t\t\t\t\t<\/div>\n\t\t<\/div>\n\t\t\t\t\t<\/div>\n\t\t<\/section>\n\t\t\t\t<section class=\"has_eae_slider elementor-section elementor-top-section elementor-element elementor-element-2d61377 elementor-section-boxed elementor-section-height-default elementor-section-height-default\" data-eae-slider=\"90379\" data-id=\"2d61377\" data-element_type=\"section\" data-e-type=\"section\">\n\t\t\t\t\t\t<div class=\"elementor-container elementor-column-gap-default\">\n\t\t\t\t\t<div class=\"has_eae_slider elementor-column elementor-col-100 elementor-top-column elementor-element elementor-element-a37abb3\" data-eae-slider=\"47870\" data-id=\"a37abb3\" data-element_type=\"column\" data-e-type=\"column\">\n\t\t\t<div class=\"elementor-widget-wrap elementor-element-populated\">\n\t\t\t\t\t\t<div class=\"elementor-element elementor-element-6069605 elementor-widget elementor-widget-text-editor\" data-id=\"6069605\" data-element_type=\"widget\" data-e-type=\"widget\" data-widget_type=\"text-editor.default\">\n\t\t\t\t<div class=\"elementor-widget-container\">\n\t\t\t\t\t\t\t\t\t<p>Accede al Canal de Denuncias a trav\u00e9s del enlace proporcionado en nuestra web corporativa.<\/p>\n<p><!-- \/wp:paragraph --><!-- wp:paragraph --><\/p>\n<p>Proporciona detalles espec\u00edficos sobre la denuncia, incluyendo fechas, personas involucradas y cualquier evidencia disponible.<\/p>\n<p><!-- \/wp:paragraph --><!-- wp:paragraph --><\/p>\n<p>Tu identidad ser\u00e1 protegida durante todo el proceso de investigaci\u00f3n.<\/p>\n<p><!-- \/wp:paragraph --><!-- wp:paragraph --><\/p>\n<p>Pincha aqu\u00ed para proceder a la presentaci\u00f3n:\u00a0<strong><a href=\"http:\/\/centinela.lefebvre.es\/public\/concept\/1917001?access=kQHeFDDTFQC05z5Q7T9nK3S80oQH0flSUwfhqavYsN4%3d\">Haz click aqu\u00ed<\/a><\/strong><\/p>\n<p><!-- \/wp:paragraph --><!-- wp:paragraph --><\/p>\n<p>Agradecemos tu contribuci\u00f3n para mantener METALIMPEX IBERICA, S.A.U. como un lugar \u00e9tico, seguro y respetuoso para todos. Juntos, construimos un entorno donde la honestidad y la integridad son fundamentales.<\/p>\n<p><!-- \/wp:paragraph --><!-- wp:paragraph --><\/p>\n<p>Atentamente,<\/p>\n<p><!-- \/wp:paragraph --><!-- wp:paragraph --><\/p>\n<p>El Equipo de METALIMPEX IBERICA, S.A.U.<\/p>\t\t\t\t\t\t\t\t<\/div>\n\t\t\t\t<\/div>\n\t\t\t\t\t<\/div>\n\t\t<\/div>\n\t\t\t\t\t<\/div>\n\t\t<\/section>\n\t\t\t\t<\/div>\n\t\t","protected":false},"excerpt":{"rendered":"<p>CANAL DE DENUNCIAS En METALIMPEX IBERICA, S.A.U., nos esforzamos por mantener los m\u00e1s altos est\u00e1ndares \u00e9ticos y promover un ambiente de trabajo seguro y saludable para todos. Creemos en la transparencia y la responsabilidad, y para respaldar estos valores, hemos establecido nuestro Canal de Denuncias como una herramienta crucial en nuestra misi\u00f3n de mantener la [&hellip;]<\/p>\n","protected":false},"author":1,"featured_media":0,"parent":0,"menu_order":0,"comment_status":"closed","ping_status":"closed","template":"","meta":{"_acf_changed":false,"inline_featured_image":false,"footnotes":""},"class_list":["post-11332","page","type-page","status-publish","hentry"],"acf":[],"yoast_head":"<!-- This site is optimized with the Yoast SEO plugin v27.3 - https:\/\/yoast.com\/product\/yoast-seo-wordpress\/ -->\n<title>Canal de Denuncias - Metalimpex Group<\/title>\n<meta name=\"robots\" content=\"index, follow, max-snippet:-1, max-image-preview:large, max-video-preview:-1\" \/>\n<link rel=\"canonical\" href=\"https:\/\/metalimpexgroup.com\/es\/canal-de-denuncias\/\" \/>\n<meta property=\"og:locale\" content=\"es_ES\" \/>\n<meta property=\"og:type\" content=\"article\" \/>\n<meta property=\"og:title\" content=\"Canal de Denuncias - Metalimpex Group\" \/>\n<meta property=\"og:description\" content=\"CANAL DE DENUNCIAS En METALIMPEX IBERICA, S.A.U., nos esforzamos por mantener los m\u00e1s altos est\u00e1ndares \u00e9ticos y promover un ambiente de trabajo seguro y saludable para todos. Creemos en la transparencia y la responsabilidad, y para respaldar estos valores, hemos establecido nuestro Canal de Denuncias como una herramienta crucial en nuestra misi\u00f3n de mantener la [&hellip;]\" \/>\n<meta property=\"og:url\" content=\"https:\/\/metalimpexgroup.com\/es\/canal-de-denuncias\/\" \/>\n<meta property=\"og:site_name\" content=\"Metalimpex Group\" \/>\n<meta property=\"article:modified_time\" content=\"2023-12-05T08:47:50+00:00\" \/>\n<meta property=\"og:image\" content=\"https:\/\/metalimpexgroup.com\/wp-content\/uploads\/2022\/07\/Campa-Magaz-vista-fragmentador-scaled.jpg\" \/>\n\t<meta property=\"og:image:width\" content=\"2560\" \/>\n\t<meta property=\"og:image:height\" content=\"1702\" \/>\n\t<meta property=\"og:image:type\" content=\"image\/jpeg\" \/>\n<meta name=\"twitter:card\" content=\"summary_large_image\" \/>\n<meta name=\"twitter:label1\" content=\"Tiempo de lectura\" \/>\n\t<meta name=\"twitter:data1\" content=\"2 minutos\" \/>\n<script type=\"application\/ld+json\" class=\"yoast-schema-graph\">{\"@context\":\"https:\\\/\\\/schema.org\",\"@graph\":[{\"@type\":\"WebPage\",\"@id\":\"https:\\\/\\\/metalimpexgroup.com\\\/es\\\/canal-de-denuncias\\\/\",\"url\":\"https:\\\/\\\/metalimpexgroup.com\\\/es\\\/canal-de-denuncias\\\/\",\"name\":\"Canal de Denuncias - Metalimpex Group\",\"isPartOf\":{\"@id\":\"https:\\\/\\\/metalimpexgroup.com\\\/#website\"},\"datePublished\":\"2023-12-05T08:17:26+00:00\",\"dateModified\":\"2023-12-05T08:47:50+00:00\",\"breadcrumb\":{\"@id\":\"https:\\\/\\\/metalimpexgroup.com\\\/es\\\/canal-de-denuncias\\\/#breadcrumb\"},\"inLanguage\":\"es\",\"potentialAction\":[{\"@type\":\"ReadAction\",\"target\":[\"https:\\\/\\\/metalimpexgroup.com\\\/es\\\/canal-de-denuncias\\\/\"]}]},{\"@type\":\"BreadcrumbList\",\"@id\":\"https:\\\/\\\/metalimpexgroup.com\\\/es\\\/canal-de-denuncias\\\/#breadcrumb\",\"itemListElement\":[{\"@type\":\"ListItem\",\"position\":1,\"name\":\"Accueil\",\"item\":\"https:\\\/\\\/metalimpexgroup.com\\\/es\\\/\"},{\"@type\":\"ListItem\",\"position\":2,\"name\":\"Canal de Denuncias\"}]},{\"@type\":\"WebSite\",\"@id\":\"https:\\\/\\\/metalimpexgroup.com\\\/#website\",\"url\":\"https:\\\/\\\/metalimpexgroup.com\\\/\",\"name\":\"Metalimpex Group\",\"description\":\"Expert de la valorisation des m\u00e9taux ferreux et non-ferreux\",\"publisher\":{\"@id\":\"https:\\\/\\\/metalimpexgroup.com\\\/#organization\"},\"potentialAction\":[{\"@type\":\"SearchAction\",\"target\":{\"@type\":\"EntryPoint\",\"urlTemplate\":\"https:\\\/\\\/metalimpexgroup.com\\\/?s={search_term_string}\"},\"query-input\":{\"@type\":\"PropertyValueSpecification\",\"valueRequired\":true,\"valueName\":\"search_term_string\"}}],\"inLanguage\":\"es\"},{\"@type\":\"Organization\",\"@id\":\"https:\\\/\\\/metalimpexgroup.com\\\/#organization\",\"name\":\"Metalimpex Group\",\"url\":\"https:\\\/\\\/metalimpexgroup.com\\\/\",\"logo\":{\"@type\":\"ImageObject\",\"inLanguage\":\"es\",\"@id\":\"https:\\\/\\\/metalimpexgroup.com\\\/#\\\/schema\\\/logo\\\/image\\\/\",\"url\":\"https:\\\/\\\/metalimpexgroup.com\\\/wp-content\\\/uploads\\\/2022\\\/07\\\/logo-white.svg\",\"contentUrl\":\"https:\\\/\\\/metalimpexgroup.com\\\/wp-content\\\/uploads\\\/2022\\\/07\\\/logo-white.svg\",\"width\":135,\"height\":65,\"caption\":\"Metalimpex Group\"},\"image\":{\"@id\":\"https:\\\/\\\/metalimpexgroup.com\\\/#\\\/schema\\\/logo\\\/image\\\/\"}}]}<\/script>\n<!-- \/ Yoast SEO plugin. -->","yoast_head_json":{"title":"Canal de Denuncias - Metalimpex Group","robots":{"index":"index","follow":"follow","max-snippet":"max-snippet:-1","max-image-preview":"max-image-preview:large","max-video-preview":"max-video-preview:-1"},"canonical":"https:\/\/metalimpexgroup.com\/es\/canal-de-denuncias\/","og_locale":"es_ES","og_type":"article","og_title":"Canal de Denuncias - Metalimpex Group","og_description":"CANAL DE DENUNCIAS En METALIMPEX IBERICA, S.A.U., nos esforzamos por mantener los m\u00e1s altos est\u00e1ndares \u00e9ticos y promover un ambiente de trabajo seguro y saludable para todos. Creemos en la transparencia y la responsabilidad, y para respaldar estos valores, hemos establecido nuestro Canal de Denuncias como una herramienta crucial en nuestra misi\u00f3n de mantener la [&hellip;]","og_url":"https:\/\/metalimpexgroup.com\/es\/canal-de-denuncias\/","og_site_name":"Metalimpex Group","article_modified_time":"2023-12-05T08:47:50+00:00","og_image":[{"width":2560,"height":1702,"url":"https:\/\/metalimpexgroup.com\/wp-content\/uploads\/2022\/07\/Campa-Magaz-vista-fragmentador-scaled.jpg","type":"image\/jpeg"}],"twitter_card":"summary_large_image","twitter_misc":{"Tiempo de lectura":"2 minutos"},"schema":{"@context":"https:\/\/schema.org","@graph":[{"@type":"WebPage","@id":"https:\/\/metalimpexgroup.com\/es\/canal-de-denuncias\/","url":"https:\/\/metalimpexgroup.com\/es\/canal-de-denuncias\/","name":"Canal de Denuncias - Metalimpex Group","isPartOf":{"@id":"https:\/\/metalimpexgroup.com\/#website"},"datePublished":"2023-12-05T08:17:26+00:00","dateModified":"2023-12-05T08:47:50+00:00","breadcrumb":{"@id":"https:\/\/metalimpexgroup.com\/es\/canal-de-denuncias\/#breadcrumb"},"inLanguage":"es","potentialAction":[{"@type":"ReadAction","target":["https:\/\/metalimpexgroup.com\/es\/canal-de-denuncias\/"]}]},{"@type":"BreadcrumbList","@id":"https:\/\/metalimpexgroup.com\/es\/canal-de-denuncias\/#breadcrumb","itemListElement":[{"@type":"ListItem","position":1,"name":"Accueil","item":"https:\/\/metalimpexgroup.com\/es\/"},{"@type":"ListItem","position":2,"name":"Canal de Denuncias"}]},{"@type":"WebSite","@id":"https:\/\/metalimpexgroup.com\/#website","url":"https:\/\/metalimpexgroup.com\/","name":"Metalimpex Group","description":"Expert de la valorisation des m\u00e9taux ferreux et non-ferreux","publisher":{"@id":"https:\/\/metalimpexgroup.com\/#organization"},"potentialAction":[{"@type":"SearchAction","target":{"@type":"EntryPoint","urlTemplate":"https:\/\/metalimpexgroup.com\/?s={search_term_string}"},"query-input":{"@type":"PropertyValueSpecification","valueRequired":true,"valueName":"search_term_string"}}],"inLanguage":"es"},{"@type":"Organization","@id":"https:\/\/metalimpexgroup.com\/#organization","name":"Metalimpex Group","url":"https:\/\/metalimpexgroup.com\/","logo":{"@type":"ImageObject","inLanguage":"es","@id":"https:\/\/metalimpexgroup.com\/#\/schema\/logo\/image\/","url":"https:\/\/metalimpexgroup.com\/wp-content\/uploads\/2022\/07\/logo-white.svg","contentUrl":"https:\/\/metalimpexgroup.com\/wp-content\/uploads\/2022\/07\/logo-white.svg","width":135,"height":65,"caption":"Metalimpex Group"},"image":{"@id":"https:\/\/metalimpexgroup.com\/#\/schema\/logo\/image\/"}}]}},"_links":{"self":[{"href":"https:\/\/metalimpexgroup.com\/es\/wp-json\/wp\/v2\/pages\/11332","targetHints":{"allow":["GET"]}}],"collection":[{"href":"https:\/\/metalimpexgroup.com\/es\/wp-json\/wp\/v2\/pages"}],"about":[{"href":"https:\/\/metalimpexgroup.com\/es\/wp-json\/wp\/v2\/types\/page"}],"author":[{"embeddable":true,"href":"https:\/\/metalimpexgroup.com\/es\/wp-json\/wp\/v2\/users\/1"}],"replies":[{"embeddable":true,"href":"https:\/\/metalimpexgroup.com\/es\/wp-json\/wp\/v2\/comments?post=11332"}],"version-history":[{"count":8,"href":"https:\/\/metalimpexgroup.com\/es\/wp-json\/wp\/v2\/pages\/11332\/revisions"}],"predecessor-version":[{"id":11345,"href":"https:\/\/metalimpexgroup.com\/es\/wp-json\/wp\/v2\/pages\/11332\/revisions\/11345"}],"wp:attachment":[{"href":"https:\/\/metalimpexgroup.com\/es\/wp-json\/wp\/v2\/media?parent=11332"}],"curies":[{"name":"wp","href":"https:\/\/api.w.org\/{rel}","templated":true}]}}