{"id":4821,"date":"2022-07-22T16:29:47","date_gmt":"2022-07-22T14:29:47","guid":{"rendered":"https:\/\/metalimpexgroup.com\/cas-clients\/"},"modified":"2023-06-02T15:58:52","modified_gmt":"2023-06-02T13:58:52","slug":"testimonios-clientes","status":"publish","type":"page","link":"https:\/\/metalimpexgroup.com\/es\/testimonios-clientes\/","title":{"rendered":"Testimonios clientes"},"content":{"rendered":"\t\t<div data-elementor-type=\"wp-page\" data-elementor-id=\"4821\" class=\"elementor elementor-4821 elementor-968\" data-elementor-post-type=\"page\">\n\t\t\t\t\t\t<section class=\"has_eae_slider elementor-section elementor-top-section elementor-element elementor-element-5e8f2a2 elementor-section-content-middle elementor-section-boxed elementor-section-height-default elementor-section-height-default\" data-eae-slider=\"60054\" data-id=\"5e8f2a2\" data-element_type=\"section\" data-e-type=\"section\" data-settings=\"{&quot;background_background&quot;:&quot;classic&quot;}\">\n\t\t\t\t\t\t<div class=\"elementor-container elementor-column-gap-default\">\n\t\t\t\t\t<div class=\"has_eae_slider elementor-column elementor-col-50 elementor-top-column elementor-element elementor-element-9b00b44\" data-eae-slider=\"81870\" data-id=\"9b00b44\" data-element_type=\"column\" data-e-type=\"column\">\n\t\t\t<div class=\"elementor-widget-wrap elementor-element-populated\">\n\t\t\t\t\t\t<div class=\"elementor-element elementor-element-c3107c0 elementor-widget__width-auto elementor-widget elementor-widget-heading\" data-id=\"c3107c0\" data-element_type=\"widget\" data-e-type=\"widget\" data-widget_type=\"heading.default\">\n\t\t\t\t<div class=\"elementor-widget-container\">\n\t\t\t\t\t<h2 class=\"elementor-heading-title elementor-size-default\">Nos r\u00e9alisations<\/h2>\t\t\t\t<\/div>\n\t\t\t\t<\/div>\n\t\t\t\t<div class=\"elementor-element elementor-element-bfbac7c strong500 elementor-widget elementor-widget-heading\" data-id=\"bfbac7c\" data-element_type=\"widget\" data-e-type=\"widget\" data-widget_type=\"heading.default\">\n\t\t\t\t<div class=\"elementor-widget-container\">\n\t\t\t\t\t<h1 class=\"elementor-heading-title elementor-size-default\">D\u00e9couvrez notre <strong>savoir-faire<\/strong>\net nos <strong>expertises<\/strong><\/h1>\t\t\t\t<\/div>\n\t\t\t\t<\/div>\n\t\t\t\t\t<\/div>\n\t\t<\/div>\n\t\t\t\t<div class=\"has_eae_slider elementor-column elementor-col-50 elementor-top-column elementor-element elementor-element-59af904\" data-eae-slider=\"243\" data-id=\"59af904\" data-element_type=\"column\" data-e-type=\"column\">\n\t\t\t<div class=\"elementor-widget-wrap elementor-element-populated\">\n\t\t\t\t\t\t<div class=\"elementor-element elementor-element-ba6f06b elementor-widget elementor-widget-text-editor\" data-id=\"ba6f06b\" data-element_type=\"widget\" data-e-type=\"widget\" data-widget_type=\"text-editor.default\">\n\t\t\t\t<div class=\"elementor-widget-container\">\n\t\t\t\t\t\t\t\t\t<p>Gr\u00e2ce \u00e0 des missions concr\u00e8tes d\u00e9j\u00e0 r\u00e9alis\u00e9es aupr\u00e8s de nos clients partenaires..<\/p>\t\t\t\t\t\t\t\t<\/div>\n\t\t\t\t<\/div>\n\t\t\t\t\t<\/div>\n\t\t<\/div>\n\t\t\t\t\t<\/div>\n\t\t<\/section>\n\t\t\t\t<section class=\"has_eae_slider elementor-section elementor-top-section elementor-element elementor-element-d6440d3 elementor-section-boxed elementor-section-height-default elementor-section-height-default\" data-eae-slider=\"22272\" data-id=\"d6440d3\" data-element_type=\"section\" data-e-type=\"section\">\n\t\t\t\t\t\t<div class=\"elementor-container elementor-column-gap-default\">\n\t\t\t\t\t<div class=\"has_eae_slider elementor-column elementor-col-100 elementor-top-column elementor-element elementor-element-40f6c6d\" data-eae-slider=\"64677\" data-id=\"40f6c6d\" data-element_type=\"column\" data-e-type=\"column\">\n\t\t\t<div class=\"elementor-widget-wrap elementor-element-populated\">\n\t\t\t\t\t\t<div class=\"elementor-element elementor-element-a30eac5 elementor-widget elementor-widget-heading\" data-id=\"a30eac5\" data-element_type=\"widget\" data-e-type=\"widget\" data-widget_type=\"heading.default\">\n\t\t\t\t<div class=\"elementor-widget-container\">\n\t\t\t\t\t<h2 class=\"elementor-heading-title elementor-size-default\">Leo mi fermentum at.<\/h2>\t\t\t\t<\/div>\n\t\t\t\t<\/div>\n\t\t\t\t\t<\/div>\n\t\t<\/div>\n\t\t\t\t\t<\/div>\n\t\t<\/section>\n\t\t\t\t<section class=\"has_eae_slider elementor-section elementor-top-section elementor-element elementor-element-5a52160 elementor-section-boxed elementor-section-height-default elementor-section-height-default\" data-eae-slider=\"79260\" data-id=\"5a52160\" data-element_type=\"section\" data-e-type=\"section\">\n\t\t\t\t\t\t<div class=\"elementor-container elementor-column-gap-default\">\n\t\t\t\t\t<div class=\"has_eae_slider elementor-column elementor-col-100 elementor-top-column elementor-element elementor-element-05f6f68\" data-eae-slider=\"16891\" data-id=\"05f6f68\" data-element_type=\"column\" data-e-type=\"column\">\n\t\t\t<div class=\"elementor-widget-wrap elementor-element-populated\">\n\t\t\t\t\t\t<div class=\"elementor-element elementor-element-8f9b737 elementor-widget elementor-widget-shortcode\" data-id=\"8f9b737\" data-element_type=\"widget\" data-e-type=\"widget\" data-widget_type=\"shortcode.default\">\n\t\t\t\t<div class=\"elementor-widget-container\">\n\t\t\t\t\t\t\t<div class=\"elementor-shortcode\">\r\n\r\n<div class=\"cas-clients__list\">\r\n      <a href=\"https:\/\/metalimpexgroup.com\/es\/realisations\/la-plataforma-industrial-dacia-de-mioveni\/\" class=\"cas-clients__list__card\">\r\n      <div class=\"cas-clients__list__card__img\" style=\"background-image: linear-gradient(90deg, rgba(3, 15, 64, 0.3) 19.35%, rgba(3, 15, 64, 0) 59.66%), url(https:\/\/metalimpexgroup.com\/wp-content\/uploads\/2022\/12\/Image1.png)\">\r\n        <div class=\"cas-clients__list__card__img__blue\"><\/div>\r\n      <\/div>\r\n      <div class=\"cas-clients__list__card__text\">\r\n        <div class=\"cas-clients__list__card__text__brand\">\r\n          DACIA        <\/div>\r\n        <div class=\"cas-clients__list__card__text__title\">\r\n          La plataforma industrial DACIA de Mioveni\u00a0        <\/div>\r\n      <\/div>\r\n    <\/a>\r\n  <\/div>\r\n<\/div>\n\t\t\t\t\t\t<\/div>\n\t\t\t\t<\/div>\n\t\t\t\t\t<\/div>\n\t\t<\/div>\n\t\t\t\t\t<\/div>\n\t\t<\/section>\n\t\t\t\t<\/div>\n\t\t","protected":false},"excerpt":{"rendered":"<p>Nos r\u00e9alisations D\u00e9couvrez notre savoir-faire et nos expertises Gr\u00e2ce \u00e0 des missions concr\u00e8tes d\u00e9j\u00e0 r\u00e9alis\u00e9es aupr\u00e8s de nos clients partenaires.. Leo mi fermentum at.<\/p>\n","protected":false},"author":1,"featured_media":0,"parent":0,"menu_order":37,"comment_status":"closed","ping_status":"closed","template":"","meta":{"_acf_changed":false,"inline_featured_image":false,"footnotes":""},"class_list":["post-4821","page","type-page","status-publish","hentry"],"acf":[],"yoast_head":"<!-- This site is optimized with the Yoast SEO plugin v27.3 - https:\/\/yoast.com\/product\/yoast-seo-wordpress\/ -->\n<title>Conocimiento y experiencia - Metalimpex Group<\/title>\n<meta name=\"description\" content=\"Descubra los clientes para los que Metalimpex ha intervenido en su proceso productivo con el fin de reducir y valorizar sus residuos met\u00e1licos.\" \/>\n<meta name=\"robots\" content=\"index, follow, max-snippet:-1, max-image-preview:large, max-video-preview:-1\" \/>\n<link rel=\"canonical\" href=\"https:\/\/metalimpexgroup.com\/es\/testimonios-clientes\/\" \/>\n<meta property=\"og:locale\" content=\"es_ES\" \/>\n<meta property=\"og:type\" content=\"article\" \/>\n<meta property=\"og:title\" content=\"Conocimiento y experiencia - Metalimpex Group\" \/>\n<meta property=\"og:description\" content=\"Descubra los clientes para los que Metalimpex ha intervenido en su proceso productivo con el fin de reducir y valorizar sus residuos met\u00e1licos.\" \/>\n<meta property=\"og:url\" content=\"https:\/\/metalimpexgroup.com\/es\/testimonios-clientes\/\" \/>\n<meta property=\"og:site_name\" content=\"Metalimpex Group\" \/>\n<meta property=\"article:modified_time\" content=\"2023-06-02T13:58:52+00:00\" \/>\n<meta property=\"og:image\" content=\"https:\/\/metalimpexgroup.com\/wp-content\/uploads\/2022\/07\/Campa-Magaz-vista-fragmentador-scaled.jpg\" \/>\n\t<meta property=\"og:image:width\" content=\"2560\" \/>\n\t<meta property=\"og:image:height\" content=\"1702\" \/>\n\t<meta property=\"og:image:type\" content=\"image\/jpeg\" \/>\n<meta name=\"twitter:card\" content=\"summary_large_image\" \/>\n<meta name=\"twitter:label1\" content=\"Tiempo de lectura\" \/>\n\t<meta name=\"twitter:data1\" content=\"1 minuto\" \/>\n<script type=\"application\/ld+json\" class=\"yoast-schema-graph\">{\"@context\":\"https:\\\/\\\/schema.org\",\"@graph\":[{\"@type\":\"WebPage\",\"@id\":\"https:\\\/\\\/metalimpexgroup.com\\\/es\\\/testimonios-clientes\\\/\",\"url\":\"https:\\\/\\\/metalimpexgroup.com\\\/es\\\/testimonios-clientes\\\/\",\"name\":\"Conocimiento y experiencia - Metalimpex Group\",\"isPartOf\":{\"@id\":\"https:\\\/\\\/metalimpexgroup.com\\\/#website\"},\"datePublished\":\"2022-07-22T14:29:47+00:00\",\"dateModified\":\"2023-06-02T13:58:52+00:00\",\"description\":\"Descubra los clientes para los que Metalimpex ha intervenido en su proceso productivo con el fin de reducir y valorizar sus residuos met\u00e1licos.\",\"breadcrumb\":{\"@id\":\"https:\\\/\\\/metalimpexgroup.com\\\/es\\\/testimonios-clientes\\\/#breadcrumb\"},\"inLanguage\":\"es\",\"potentialAction\":[{\"@type\":\"ReadAction\",\"target\":[\"https:\\\/\\\/metalimpexgroup.com\\\/es\\\/testimonios-clientes\\\/\"]}]},{\"@type\":\"BreadcrumbList\",\"@id\":\"https:\\\/\\\/metalimpexgroup.com\\\/es\\\/testimonios-clientes\\\/#breadcrumb\",\"itemListElement\":[{\"@type\":\"ListItem\",\"position\":1,\"name\":\"Accueil\",\"item\":\"https:\\\/\\\/metalimpexgroup.com\\\/es\\\/\"},{\"@type\":\"ListItem\",\"position\":2,\"name\":\"Testimonios clientes\"}]},{\"@type\":\"WebSite\",\"@id\":\"https:\\\/\\\/metalimpexgroup.com\\\/#website\",\"url\":\"https:\\\/\\\/metalimpexgroup.com\\\/\",\"name\":\"Metalimpex Group\",\"description\":\"Expert de la valorisation des m\u00e9taux ferreux et non-ferreux\",\"publisher\":{\"@id\":\"https:\\\/\\\/metalimpexgroup.com\\\/#organization\"},\"potentialAction\":[{\"@type\":\"SearchAction\",\"target\":{\"@type\":\"EntryPoint\",\"urlTemplate\":\"https:\\\/\\\/metalimpexgroup.com\\\/?s={search_term_string}\"},\"query-input\":{\"@type\":\"PropertyValueSpecification\",\"valueRequired\":true,\"valueName\":\"search_term_string\"}}],\"inLanguage\":\"es\"},{\"@type\":\"Organization\",\"@id\":\"https:\\\/\\\/metalimpexgroup.com\\\/#organization\",\"name\":\"Metalimpex Group\",\"url\":\"https:\\\/\\\/metalimpexgroup.com\\\/\",\"logo\":{\"@type\":\"ImageObject\",\"inLanguage\":\"es\",\"@id\":\"https:\\\/\\\/metalimpexgroup.com\\\/#\\\/schema\\\/logo\\\/image\\\/\",\"url\":\"https:\\\/\\\/metalimpexgroup.com\\\/wp-content\\\/uploads\\\/2022\\\/07\\\/logo-white.svg\",\"contentUrl\":\"https:\\\/\\\/metalimpexgroup.com\\\/wp-content\\\/uploads\\\/2022\\\/07\\\/logo-white.svg\",\"width\":135,\"height\":65,\"caption\":\"Metalimpex Group\"},\"image\":{\"@id\":\"https:\\\/\\\/metalimpexgroup.com\\\/#\\\/schema\\\/logo\\\/image\\\/\"}}]}<\/script>\n<!-- \/ Yoast SEO plugin. -->","yoast_head_json":{"title":"Conocimiento y experiencia - Metalimpex Group","description":"Descubra los clientes para los que Metalimpex ha intervenido en su proceso productivo con el fin de reducir y valorizar sus residuos met\u00e1licos.","robots":{"index":"index","follow":"follow","max-snippet":"max-snippet:-1","max-image-preview":"max-image-preview:large","max-video-preview":"max-video-preview:-1"},"canonical":"https:\/\/metalimpexgroup.com\/es\/testimonios-clientes\/","og_locale":"es_ES","og_type":"article","og_title":"Conocimiento y experiencia - Metalimpex Group","og_description":"Descubra los clientes para los que Metalimpex ha intervenido en su proceso productivo con el fin de reducir y valorizar sus residuos met\u00e1licos.","og_url":"https:\/\/metalimpexgroup.com\/es\/testimonios-clientes\/","og_site_name":"Metalimpex Group","article_modified_time":"2023-06-02T13:58:52+00:00","og_image":[{"width":2560,"height":1702,"url":"https:\/\/metalimpexgroup.com\/wp-content\/uploads\/2022\/07\/Campa-Magaz-vista-fragmentador-scaled.jpg","type":"image\/jpeg"}],"twitter_card":"summary_large_image","twitter_misc":{"Tiempo de lectura":"1 minuto"},"schema":{"@context":"https:\/\/schema.org","@graph":[{"@type":"WebPage","@id":"https:\/\/metalimpexgroup.com\/es\/testimonios-clientes\/","url":"https:\/\/metalimpexgroup.com\/es\/testimonios-clientes\/","name":"Conocimiento y experiencia - Metalimpex Group","isPartOf":{"@id":"https:\/\/metalimpexgroup.com\/#website"},"datePublished":"2022-07-22T14:29:47+00:00","dateModified":"2023-06-02T13:58:52+00:00","description":"Descubra los clientes para los que Metalimpex ha intervenido en su proceso productivo con el fin de reducir y valorizar sus residuos met\u00e1licos.","breadcrumb":{"@id":"https:\/\/metalimpexgroup.com\/es\/testimonios-clientes\/#breadcrumb"},"inLanguage":"es","potentialAction":[{"@type":"ReadAction","target":["https:\/\/metalimpexgroup.com\/es\/testimonios-clientes\/"]}]},{"@type":"BreadcrumbList","@id":"https:\/\/metalimpexgroup.com\/es\/testimonios-clientes\/#breadcrumb","itemListElement":[{"@type":"ListItem","position":1,"name":"Accueil","item":"https:\/\/metalimpexgroup.com\/es\/"},{"@type":"ListItem","position":2,"name":"Testimonios clientes"}]},{"@type":"WebSite","@id":"https:\/\/metalimpexgroup.com\/#website","url":"https:\/\/metalimpexgroup.com\/","name":"Metalimpex Group","description":"Expert de la valorisation des m\u00e9taux ferreux et non-ferreux","publisher":{"@id":"https:\/\/metalimpexgroup.com\/#organization"},"potentialAction":[{"@type":"SearchAction","target":{"@type":"EntryPoint","urlTemplate":"https:\/\/metalimpexgroup.com\/?s={search_term_string}"},"query-input":{"@type":"PropertyValueSpecification","valueRequired":true,"valueName":"search_term_string"}}],"inLanguage":"es"},{"@type":"Organization","@id":"https:\/\/metalimpexgroup.com\/#organization","name":"Metalimpex Group","url":"https:\/\/metalimpexgroup.com\/","logo":{"@type":"ImageObject","inLanguage":"es","@id":"https:\/\/metalimpexgroup.com\/#\/schema\/logo\/image\/","url":"https:\/\/metalimpexgroup.com\/wp-content\/uploads\/2022\/07\/logo-white.svg","contentUrl":"https:\/\/metalimpexgroup.com\/wp-content\/uploads\/2022\/07\/logo-white.svg","width":135,"height":65,"caption":"Metalimpex Group"},"image":{"@id":"https:\/\/metalimpexgroup.com\/#\/schema\/logo\/image\/"}}]}},"_links":{"self":[{"href":"https:\/\/metalimpexgroup.com\/es\/wp-json\/wp\/v2\/pages\/4821","targetHints":{"allow":["GET"]}}],"collection":[{"href":"https:\/\/metalimpexgroup.com\/es\/wp-json\/wp\/v2\/pages"}],"about":[{"href":"https:\/\/metalimpexgroup.com\/es\/wp-json\/wp\/v2\/types\/page"}],"author":[{"embeddable":true,"href":"https:\/\/metalimpexgroup.com\/es\/wp-json\/wp\/v2\/users\/1"}],"replies":[{"embeddable":true,"href":"https:\/\/metalimpexgroup.com\/es\/wp-json\/wp\/v2\/comments?post=4821"}],"version-history":[{"count":1,"href":"https:\/\/metalimpexgroup.com\/es\/wp-json\/wp\/v2\/pages\/4821\/revisions"}],"predecessor-version":[{"id":11026,"href":"https:\/\/metalimpexgroup.com\/es\/wp-json\/wp\/v2\/pages\/4821\/revisions\/11026"}],"wp:attachment":[{"href":"https:\/\/metalimpexgroup.com\/es\/wp-json\/wp\/v2\/media?parent=4821"}],"curies":[{"name":"wp","href":"https:\/\/api.w.org\/{rel}","templated":true}]}}