{"id":4837,"date":"2022-07-28T15:17:17","date_gmt":"2022-07-28T13:17:17","guid":{"rendered":"https:\/\/metalimpexgroup.com\/nos-solutions-en-aval\/"},"modified":"2023-06-02T15:01:44","modified_gmt":"2023-06-02T13:01:44","slug":"nuestras-soluciones-posteriores","status":"publish","type":"page","link":"https:\/\/metalimpexgroup.com\/es\/nuestras-soluciones\/nuestras-soluciones-posteriores\/","title":{"rendered":"Nuestras soluciones posteriores"},"content":{"rendered":"\t\t<div data-elementor-type=\"wp-page\" data-elementor-id=\"4837\" class=\"elementor elementor-4837 elementor-1500\" data-elementor-post-type=\"page\">\n\t\t\t\t\t\t<section class=\"has_eae_slider elementor-section elementor-top-section elementor-element elementor-element-11c31447 elementor-section-full_width elementor-section-height-default elementor-section-height-default\" data-eae-slider=\"77893\" data-id=\"11c31447\" data-element_type=\"section\" data-e-type=\"section\">\n\t\t\t\t\t\t<div class=\"elementor-container elementor-column-gap-no\">\n\t\t\t\t\t<div class=\"has_eae_slider elementor-column elementor-col-50 elementor-top-column elementor-element elementor-element-7fbb0b3e\" data-eae-slider=\"74662\" data-id=\"7fbb0b3e\" data-element_type=\"column\" data-e-type=\"column\">\n\t\t\t<div class=\"elementor-widget-wrap elementor-element-populated\">\n\t\t\t\t\t\t<div class=\"elementor-element elementor-element-7c956520 elementor-widget__width-auto elementor-widget elementor-widget-heading\" data-id=\"7c956520\" data-element_type=\"widget\" data-e-type=\"widget\" data-widget_type=\"heading.default\">\n\t\t\t\t<div class=\"elementor-widget-container\">\n\t\t\t\t\t<div class=\"elementor-heading-title elementor-size-default\">SOLUCIONES<\/div>\t\t\t\t<\/div>\n\t\t\t\t<\/div>\n\t\t\t\t<div class=\"elementor-element elementor-element-28cc0d2a elementor-widget elementor-widget-heading\" data-id=\"28cc0d2a\" data-element_type=\"widget\" data-e-type=\"widget\" data-widget_type=\"heading.default\">\n\t\t\t\t<div class=\"elementor-widget-container\">\n\t\t\t\t\t<h1 class=\"elementor-heading-title elementor-size-default\">Nuestro <b>trabajo<\/b> previo: <b>abastecer de materia prima met\u00e1lica mediante el reciclaje<\/b><\/h1>\t\t\t\t<\/div>\n\t\t\t\t<\/div>\n\t\t\t\t<div class=\"elementor-element elementor-element-20e03f48 elementor-widget elementor-widget-text-editor\" data-id=\"20e03f48\" data-element_type=\"widget\" data-e-type=\"widget\" data-widget_type=\"text-editor.default\">\n\t\t\t\t<div class=\"elementor-widget-container\">\n\t\t\t\t\t\t\t\t\t<p>Metalimpex garantiza a sus clientes el <strong>abastecimiento de materias primas met\u00e1licas de calidad<\/strong> que responden a unas condiciones exigentes, con un precio adecuado y en los plazos establecidos.<\/p><p>Una vez que los equipos de Metalimpex recogen los metales f\u00e9rreos y no f\u00e9rreos en las plantas de los clientes, los materiales atraviesan diferentes etapas antes de poder incluirse de nuevo en la cadena de fabricaci\u00f3n.<\/p><p>Metalimpex se ocupa de <strong>seleccionar y preparar los restos met\u00e1licos para poder comercializarlos y reintegrarlos en el ciclo de fabricaci\u00f3n y darles una segunda vida.<\/strong><\/p>\t\t\t\t\t\t\t\t<\/div>\n\t\t\t\t<\/div>\n\t\t\t\t\t<\/div>\n\t\t<\/div>\n\t\t\t\t<div class=\"has_eae_slider elementor-column elementor-col-50 elementor-top-column elementor-element elementor-element-32f088e9\" data-eae-slider=\"3155\" data-id=\"32f088e9\" data-element_type=\"column\" data-e-type=\"column\">\n\t\t\t<div class=\"elementor-widget-wrap elementor-element-populated\">\n\t\t\t\t\t\t<div class=\"elementor-element elementor-element-39ecee3 w-objectfit-img elementor-widget elementor-widget-image\" data-id=\"39ecee3\" data-element_type=\"widget\" data-e-type=\"widget\" data-widget_type=\"image.default\">\n\t\t\t\t<div class=\"elementor-widget-container\">\n\t\t\t\t\t\t\t\t\t\t\t\t\t\t\t<img fetchpriority=\"high\" decoding=\"async\" width=\"825\" height=\"761\" src=\"https:\/\/metalimpexgroup.com\/wp-content\/uploads\/2022\/08\/Rectangle-39-7.jpg\" class=\"attachment-full size-full wp-image-4409\" alt=\"Metalimpex se charge de trier et de pr\u00e9parer les d\u00e9chets m\u00e9talliques afin de pouvoir les commercialiser et les r\u00e9int\u00e9grer dans le cycle de fabrication pour leur offrir une nouvelle vie.\" srcset=\"https:\/\/metalimpexgroup.com\/wp-content\/uploads\/2022\/08\/Rectangle-39-7.jpg 825w, https:\/\/metalimpexgroup.com\/wp-content\/uploads\/2022\/08\/Rectangle-39-7-300x277.jpg 300w, https:\/\/metalimpexgroup.com\/wp-content\/uploads\/2022\/08\/Rectangle-39-7-768x708.jpg 768w\" sizes=\"(max-width: 825px) 100vw, 825px\" \/>\t\t\t\t\t\t\t\t\t\t\t\t\t\t\t<\/div>\n\t\t\t\t<\/div>\n\t\t\t\t\t<\/div>\n\t\t<\/div>\n\t\t\t\t\t<\/div>\n\t\t<\/section>\n\t\t\t\t<section class=\"has_eae_slider elementor-section elementor-top-section elementor-element elementor-element-67bf2bf solutions-aval__bloc1 elementor-reverse-mobile elementor-section-boxed elementor-section-height-default elementor-section-height-default\" data-eae-slider=\"4417\" data-id=\"67bf2bf\" data-element_type=\"section\" data-e-type=\"section\" data-settings=\"{&quot;background_background&quot;:&quot;classic&quot;}\">\n\t\t\t\t\t\t<div class=\"elementor-container elementor-column-gap-default\">\n\t\t\t\t\t<div class=\"has_eae_slider elementor-column elementor-col-50 elementor-top-column elementor-element elementor-element-d48bffb\" data-eae-slider=\"82169\" data-id=\"d48bffb\" data-element_type=\"column\" data-e-type=\"column\">\n\t\t\t<div class=\"elementor-widget-wrap elementor-element-populated\">\n\t\t\t\t\t\t<div class=\"elementor-element elementor-element-163b6f8 solutions-aval__img elementor-widget elementor-widget-image\" data-id=\"163b6f8\" data-element_type=\"widget\" data-e-type=\"widget\" data-widget_type=\"image.default\">\n\t\t\t\t<div class=\"elementor-widget-container\">\n\t\t\t\t\t\t\t\t\t\t\t\t\t\t\t<img decoding=\"async\" width=\"690\" height=\"690\" src=\"https:\/\/metalimpexgroup.com\/wp-content\/uploads\/2022\/08\/Rectangle-79-1.jpg\" class=\"attachment-large size-large wp-image-4407\" alt=\"Metalimpex collecte et trie l\u2019ensemble des mati\u00e8res premi\u00e8res secondaires.\" srcset=\"https:\/\/metalimpexgroup.com\/wp-content\/uploads\/2022\/08\/Rectangle-79-1.jpg 690w, https:\/\/metalimpexgroup.com\/wp-content\/uploads\/2022\/08\/Rectangle-79-1-300x300.jpg 300w, https:\/\/metalimpexgroup.com\/wp-content\/uploads\/2022\/08\/Rectangle-79-1-150x150.jpg 150w\" sizes=\"(max-width: 690px) 100vw, 690px\" \/>\t\t\t\t\t\t\t\t\t\t\t\t\t\t\t<\/div>\n\t\t\t\t<\/div>\n\t\t\t\t\t<\/div>\n\t\t<\/div>\n\t\t\t\t<div class=\"has_eae_slider elementor-column elementor-col-50 elementor-top-column elementor-element elementor-element-5c6e8c1\" data-eae-slider=\"58331\" data-id=\"5c6e8c1\" data-element_type=\"column\" data-e-type=\"column\">\n\t\t\t<div class=\"elementor-widget-wrap elementor-element-populated\">\n\t\t\t\t\t\t<div class=\"elementor-element elementor-element-8c46893 elementor-widget__width-initial elementor-widget elementor-widget-heading\" data-id=\"8c46893\" data-element_type=\"widget\" data-e-type=\"widget\" data-widget_type=\"heading.default\">\n\t\t\t\t<div class=\"elementor-widget-container\">\n\t\t\t\t\t<h2 class=\"elementor-heading-title elementor-size-default\"><b>Beneficios<\/b> para <br>el cliente<\/h2>\t\t\t\t<\/div>\n\t\t\t\t<\/div>\n\t\t\t\t<div class=\"elementor-element elementor-element-018b0df elementor-widget__width-initial solutions-aval__list elementor-widget elementor-widget-text-editor\" data-id=\"018b0df\" data-element_type=\"widget\" data-e-type=\"widget\" data-widget_type=\"text-editor.default\">\n\t\t\t\t<div class=\"elementor-widget-container\">\n\t\t\t\t\t\t\t\t\t<ul><li><strong>Metalimpex recoge y selecciona todas las materias primas secundarias<\/strong>, tanto f\u00e9rreas -acero, fundici\u00f3n o inoxidables- como no f\u00e9rreas -aluminio, cobre, plomo o bronce-.<\/li><li><strong>Metalimpex gestiona los materiales en nuestras propias plantas y en las de nuestros clientes.<\/strong> Todos los residuos met\u00e1licos se cortan, trituran, compactan, enladrillan y centrifugan.<\/li><li><strong>Metalimpex realiza las entregas a sus clientes en conformidad con las exigencias de las plantas industriales y sus plazos.<\/strong><\/li><li><strong>Metalimpex env\u00eda los productos<\/strong> por transporte en carretera, fluvial o ferroviario.<\/li><li><strong>Metalimpex selecciona y almacena los productos procesados<\/strong> en sus almacenes.<\/li><\/ul>\t\t\t\t\t\t\t\t<\/div>\n\t\t\t\t<\/div>\n\t\t\t\t\t<\/div>\n\t\t<\/div>\n\t\t\t\t\t<\/div>\n\t\t<\/section>\n\t\t\t\t<\/div>\n\t\t","protected":false},"excerpt":{"rendered":"<p>SOLUCIONES Nuestro trabajo previo: abastecer de materia prima met\u00e1lica mediante el reciclaje Metalimpex garantiza a sus clientes el abastecimiento de materias primas met\u00e1licas de calidad que responden a unas condiciones exigentes, con un precio adecuado y en los plazos establecidos. Una vez que los equipos de Metalimpex recogen los metales f\u00e9rreos y no f\u00e9rreos en [&hellip;]<\/p>\n","protected":false},"author":1,"featured_media":0,"parent":4839,"menu_order":5,"comment_status":"closed","ping_status":"closed","template":"","meta":{"_acf_changed":false,"inline_featured_image":false,"footnotes":""},"class_list":["post-4837","page","type-page","status-publish","hentry"],"acf":[],"yoast_head":"<!-- This site is optimized with the Yoast SEO plugin v27.4 - https:\/\/yoast.com\/product\/yoast-seo-wordpress\/ -->\n<title>Nuestras soluciones posteriores - Metalimpex Group<\/title>\n<meta name=\"description\" content=\"Metalimpex participa activamente en la econom\u00eda circular dentro de las distintas industrias: recicladoras, sider\u00fargicas, fundiciones, tubistas.\" \/>\n<meta name=\"robots\" content=\"index, follow, max-snippet:-1, max-image-preview:large, max-video-preview:-1\" \/>\n<link rel=\"canonical\" href=\"https:\/\/metalimpexgroup.com\/es\/nuestras-soluciones\/nuestras-soluciones-posteriores\/\" \/>\n<meta property=\"og:locale\" content=\"es_ES\" \/>\n<meta property=\"og:type\" content=\"article\" \/>\n<meta property=\"og:title\" content=\"Nuestras soluciones posteriores - Metalimpex Group\" \/>\n<meta property=\"og:description\" content=\"Metalimpex participa activamente en la econom\u00eda circular dentro de las distintas industrias: recicladoras, sider\u00fargicas, fundiciones, tubistas.\" \/>\n<meta property=\"og:url\" content=\"https:\/\/metalimpexgroup.com\/es\/nuestras-soluciones\/nuestras-soluciones-posteriores\/\" \/>\n<meta property=\"og:site_name\" content=\"Metalimpex Group\" \/>\n<meta property=\"article:modified_time\" content=\"2023-06-02T13:01:44+00:00\" \/>\n<meta property=\"og:image\" content=\"https:\/\/metalimpexgroup.com\/wp-content\/uploads\/2022\/08\/Rectangle-39-7.jpg\" \/>\n<meta name=\"twitter:card\" content=\"summary_large_image\" \/>\n<meta name=\"twitter:label1\" content=\"Tiempo de lectura\" \/>\n\t<meta name=\"twitter:data1\" content=\"2 minutos\" \/>\n<script type=\"application\/ld+json\" class=\"yoast-schema-graph\">{\"@context\":\"https:\\\/\\\/schema.org\",\"@graph\":[{\"@type\":\"WebPage\",\"@id\":\"https:\\\/\\\/metalimpexgroup.com\\\/es\\\/nuestras-soluciones\\\/nuestras-soluciones-posteriores\\\/\",\"url\":\"https:\\\/\\\/metalimpexgroup.com\\\/es\\\/nuestras-soluciones\\\/nuestras-soluciones-posteriores\\\/\",\"name\":\"Nuestras soluciones posteriores - Metalimpex Group\",\"isPartOf\":{\"@id\":\"https:\\\/\\\/metalimpexgroup.com\\\/#website\"},\"primaryImageOfPage\":{\"@id\":\"https:\\\/\\\/metalimpexgroup.com\\\/es\\\/nuestras-soluciones\\\/nuestras-soluciones-posteriores\\\/#primaryimage\"},\"image\":{\"@id\":\"https:\\\/\\\/metalimpexgroup.com\\\/es\\\/nuestras-soluciones\\\/nuestras-soluciones-posteriores\\\/#primaryimage\"},\"thumbnailUrl\":\"https:\\\/\\\/metalimpexgroup.com\\\/wp-content\\\/uploads\\\/2022\\\/08\\\/Rectangle-39-7.jpg\",\"datePublished\":\"2022-07-28T13:17:17+00:00\",\"dateModified\":\"2023-06-02T13:01:44+00:00\",\"description\":\"Metalimpex participa activamente en la econom\u00eda circular dentro de las distintas industrias: recicladoras, sider\u00fargicas, fundiciones, tubistas.\",\"breadcrumb\":{\"@id\":\"https:\\\/\\\/metalimpexgroup.com\\\/es\\\/nuestras-soluciones\\\/nuestras-soluciones-posteriores\\\/#breadcrumb\"},\"inLanguage\":\"es\",\"potentialAction\":[{\"@type\":\"ReadAction\",\"target\":[\"https:\\\/\\\/metalimpexgroup.com\\\/es\\\/nuestras-soluciones\\\/nuestras-soluciones-posteriores\\\/\"]}]},{\"@type\":\"ImageObject\",\"inLanguage\":\"es\",\"@id\":\"https:\\\/\\\/metalimpexgroup.com\\\/es\\\/nuestras-soluciones\\\/nuestras-soluciones-posteriores\\\/#primaryimage\",\"url\":\"https:\\\/\\\/metalimpexgroup.com\\\/wp-content\\\/uploads\\\/2022\\\/08\\\/Rectangle-39-7.jpg\",\"contentUrl\":\"https:\\\/\\\/metalimpexgroup.com\\\/wp-content\\\/uploads\\\/2022\\\/08\\\/Rectangle-39-7.jpg\"},{\"@type\":\"BreadcrumbList\",\"@id\":\"https:\\\/\\\/metalimpexgroup.com\\\/es\\\/nuestras-soluciones\\\/nuestras-soluciones-posteriores\\\/#breadcrumb\",\"itemListElement\":[{\"@type\":\"ListItem\",\"position\":1,\"name\":\"Accueil\",\"item\":\"https:\\\/\\\/metalimpexgroup.com\\\/es\\\/\"},{\"@type\":\"ListItem\",\"position\":2,\"name\":\"Nuestras soluciones\",\"item\":\"https:\\\/\\\/metalimpexgroup.com\\\/es\\\/nuestras-soluciones\\\/\"},{\"@type\":\"ListItem\",\"position\":3,\"name\":\"Nuestras soluciones posteriores\"}]},{\"@type\":\"WebSite\",\"@id\":\"https:\\\/\\\/metalimpexgroup.com\\\/#website\",\"url\":\"https:\\\/\\\/metalimpexgroup.com\\\/\",\"name\":\"Metalimpex Group\",\"description\":\"Expert de la valorisation des m\u00e9taux ferreux et non-ferreux\",\"publisher\":{\"@id\":\"https:\\\/\\\/metalimpexgroup.com\\\/#organization\"},\"potentialAction\":[{\"@type\":\"SearchAction\",\"target\":{\"@type\":\"EntryPoint\",\"urlTemplate\":\"https:\\\/\\\/metalimpexgroup.com\\\/?s={search_term_string}\"},\"query-input\":{\"@type\":\"PropertyValueSpecification\",\"valueRequired\":true,\"valueName\":\"search_term_string\"}}],\"inLanguage\":\"es\"},{\"@type\":\"Organization\",\"@id\":\"https:\\\/\\\/metalimpexgroup.com\\\/#organization\",\"name\":\"Metalimpex Group\",\"url\":\"https:\\\/\\\/metalimpexgroup.com\\\/\",\"logo\":{\"@type\":\"ImageObject\",\"inLanguage\":\"es\",\"@id\":\"https:\\\/\\\/metalimpexgroup.com\\\/#\\\/schema\\\/logo\\\/image\\\/\",\"url\":\"https:\\\/\\\/metalimpexgroup.com\\\/wp-content\\\/uploads\\\/2022\\\/07\\\/logo-white.svg\",\"contentUrl\":\"https:\\\/\\\/metalimpexgroup.com\\\/wp-content\\\/uploads\\\/2022\\\/07\\\/logo-white.svg\",\"width\":135,\"height\":65,\"caption\":\"Metalimpex Group\"},\"image\":{\"@id\":\"https:\\\/\\\/metalimpexgroup.com\\\/#\\\/schema\\\/logo\\\/image\\\/\"}}]}<\/script>\n<!-- \/ Yoast SEO plugin. -->","yoast_head_json":{"title":"Nuestras soluciones posteriores - Metalimpex Group","description":"Metalimpex participa activamente en la econom\u00eda circular dentro de las distintas industrias: recicladoras, sider\u00fargicas, fundiciones, tubistas.","robots":{"index":"index","follow":"follow","max-snippet":"max-snippet:-1","max-image-preview":"max-image-preview:large","max-video-preview":"max-video-preview:-1"},"canonical":"https:\/\/metalimpexgroup.com\/es\/nuestras-soluciones\/nuestras-soluciones-posteriores\/","og_locale":"es_ES","og_type":"article","og_title":"Nuestras soluciones posteriores - Metalimpex Group","og_description":"Metalimpex participa activamente en la econom\u00eda circular dentro de las distintas industrias: recicladoras, sider\u00fargicas, fundiciones, tubistas.","og_url":"https:\/\/metalimpexgroup.com\/es\/nuestras-soluciones\/nuestras-soluciones-posteriores\/","og_site_name":"Metalimpex Group","article_modified_time":"2023-06-02T13:01:44+00:00","og_image":[{"url":"https:\/\/metalimpexgroup.com\/wp-content\/uploads\/2022\/08\/Rectangle-39-7.jpg","type":"","width":"","height":""}],"twitter_card":"summary_large_image","twitter_misc":{"Tiempo de lectura":"2 minutos"},"schema":{"@context":"https:\/\/schema.org","@graph":[{"@type":"WebPage","@id":"https:\/\/metalimpexgroup.com\/es\/nuestras-soluciones\/nuestras-soluciones-posteriores\/","url":"https:\/\/metalimpexgroup.com\/es\/nuestras-soluciones\/nuestras-soluciones-posteriores\/","name":"Nuestras soluciones posteriores - Metalimpex Group","isPartOf":{"@id":"https:\/\/metalimpexgroup.com\/#website"},"primaryImageOfPage":{"@id":"https:\/\/metalimpexgroup.com\/es\/nuestras-soluciones\/nuestras-soluciones-posteriores\/#primaryimage"},"image":{"@id":"https:\/\/metalimpexgroup.com\/es\/nuestras-soluciones\/nuestras-soluciones-posteriores\/#primaryimage"},"thumbnailUrl":"https:\/\/metalimpexgroup.com\/wp-content\/uploads\/2022\/08\/Rectangle-39-7.jpg","datePublished":"2022-07-28T13:17:17+00:00","dateModified":"2023-06-02T13:01:44+00:00","description":"Metalimpex participa activamente en la econom\u00eda circular dentro de las distintas industrias: recicladoras, sider\u00fargicas, fundiciones, tubistas.","breadcrumb":{"@id":"https:\/\/metalimpexgroup.com\/es\/nuestras-soluciones\/nuestras-soluciones-posteriores\/#breadcrumb"},"inLanguage":"es","potentialAction":[{"@type":"ReadAction","target":["https:\/\/metalimpexgroup.com\/es\/nuestras-soluciones\/nuestras-soluciones-posteriores\/"]}]},{"@type":"ImageObject","inLanguage":"es","@id":"https:\/\/metalimpexgroup.com\/es\/nuestras-soluciones\/nuestras-soluciones-posteriores\/#primaryimage","url":"https:\/\/metalimpexgroup.com\/wp-content\/uploads\/2022\/08\/Rectangle-39-7.jpg","contentUrl":"https:\/\/metalimpexgroup.com\/wp-content\/uploads\/2022\/08\/Rectangle-39-7.jpg"},{"@type":"BreadcrumbList","@id":"https:\/\/metalimpexgroup.com\/es\/nuestras-soluciones\/nuestras-soluciones-posteriores\/#breadcrumb","itemListElement":[{"@type":"ListItem","position":1,"name":"Accueil","item":"https:\/\/metalimpexgroup.com\/es\/"},{"@type":"ListItem","position":2,"name":"Nuestras soluciones","item":"https:\/\/metalimpexgroup.com\/es\/nuestras-soluciones\/"},{"@type":"ListItem","position":3,"name":"Nuestras soluciones posteriores"}]},{"@type":"WebSite","@id":"https:\/\/metalimpexgroup.com\/#website","url":"https:\/\/metalimpexgroup.com\/","name":"Metalimpex Group","description":"Expert de la valorisation des m\u00e9taux ferreux et non-ferreux","publisher":{"@id":"https:\/\/metalimpexgroup.com\/#organization"},"potentialAction":[{"@type":"SearchAction","target":{"@type":"EntryPoint","urlTemplate":"https:\/\/metalimpexgroup.com\/?s={search_term_string}"},"query-input":{"@type":"PropertyValueSpecification","valueRequired":true,"valueName":"search_term_string"}}],"inLanguage":"es"},{"@type":"Organization","@id":"https:\/\/metalimpexgroup.com\/#organization","name":"Metalimpex Group","url":"https:\/\/metalimpexgroup.com\/","logo":{"@type":"ImageObject","inLanguage":"es","@id":"https:\/\/metalimpexgroup.com\/#\/schema\/logo\/image\/","url":"https:\/\/metalimpexgroup.com\/wp-content\/uploads\/2022\/07\/logo-white.svg","contentUrl":"https:\/\/metalimpexgroup.com\/wp-content\/uploads\/2022\/07\/logo-white.svg","width":135,"height":65,"caption":"Metalimpex Group"},"image":{"@id":"https:\/\/metalimpexgroup.com\/#\/schema\/logo\/image\/"}}]}},"_links":{"self":[{"href":"https:\/\/metalimpexgroup.com\/es\/wp-json\/wp\/v2\/pages\/4837","targetHints":{"allow":["GET"]}}],"collection":[{"href":"https:\/\/metalimpexgroup.com\/es\/wp-json\/wp\/v2\/pages"}],"about":[{"href":"https:\/\/metalimpexgroup.com\/es\/wp-json\/wp\/v2\/types\/page"}],"author":[{"embeddable":true,"href":"https:\/\/metalimpexgroup.com\/es\/wp-json\/wp\/v2\/users\/1"}],"replies":[{"embeddable":true,"href":"https:\/\/metalimpexgroup.com\/es\/wp-json\/wp\/v2\/comments?post=4837"}],"version-history":[{"count":4,"href":"https:\/\/metalimpexgroup.com\/es\/wp-json\/wp\/v2\/pages\/4837\/revisions"}],"predecessor-version":[{"id":11032,"href":"https:\/\/metalimpexgroup.com\/es\/wp-json\/wp\/v2\/pages\/4837\/revisions\/11032"}],"up":[{"embeddable":true,"href":"https:\/\/metalimpexgroup.com\/es\/wp-json\/wp\/v2\/pages\/4839"}],"wp:attachment":[{"href":"https:\/\/metalimpexgroup.com\/es\/wp-json\/wp\/v2\/media?parent=4837"}],"curies":[{"name":"wp","href":"https:\/\/api.w.org\/{rel}","templated":true}]}}