{"id":11148,"date":"2023-06-27T15:02:37","date_gmt":"2023-06-27T13:02:37","guid":{"rendered":"https:\/\/metalimpexgroup.com\/cookies-declaration\/"},"modified":"2023-07-19T16:01:05","modified_gmt":"2023-07-19T14:01:05","slug":"cookies-declaration","status":"publish","type":"page","link":"https:\/\/metalimpexgroup.com\/fr\/cookies-declaration\/","title":{"rendered":"D\u00e9claration cookies"},"content":{"rendered":"\t\t<div data-elementor-type=\"wp-page\" data-elementor-id=\"11148\" class=\"elementor elementor-11148 elementor-11143\" data-elementor-post-type=\"page\">\n\t\t\t\t\t\t<section class=\"has_eae_slider elementor-section elementor-top-section elementor-element elementor-element-aeae409 elementor-section-boxed elementor-section-height-default elementor-section-height-default\" data-eae-slider=\"66754\" data-id=\"aeae409\" data-element_type=\"section\" data-e-type=\"section\">\n\t\t\t\t\t\t<div class=\"elementor-container elementor-column-gap-default\">\n\t\t\t\t\t<div class=\"has_eae_slider elementor-column elementor-col-100 elementor-top-column elementor-element elementor-element-9287d12\" data-eae-slider=\"54082\" data-id=\"9287d12\" data-element_type=\"column\" data-e-type=\"column\">\n\t\t\t<div class=\"elementor-widget-wrap elementor-element-populated\">\n\t\t\t\t\t\t<div class=\"elementor-element elementor-element-8147af7 elementor-widget elementor-widget-text-editor\" data-id=\"8147af7\" data-element_type=\"widget\" data-e-type=\"widget\" data-widget_type=\"text-editor.default\">\n\t\t\t\t<div class=\"elementor-widget-container\">\n\t\t\t\t\t\t\t\t\t<p>L\u2019option \u00ab opt-out \u00bb mise en place par le service Piano Analytics (AT Internet) permet d\u2019exclure les <br \/>donn\u00e9es de votre navigation sur metalimpexgroup.com\/fr\/, qui utilise le service de mesure <br \/>d\u2019audience de Piano Analytics (AT Internet), qui y collecte des donn\u00e9es statistiques. <br \/>Pour activer cette option, vous devez au pr\u00e9alable activer le d\u00e9p\u00f4t d\u2019un cookie \u00ab analyticsOptOut \u00bb. <br \/>Cette activation garantit que votre demande d\u2019opt-out sera reconnue et m\u00e9moris\u00e9e chaque fois que <br \/>vous visiterez metalimpexgroup-preprod.krealid.com. Cette option ne sera prise en compte que sur le <br \/>navigateur sur lequel le cookie opt-out est d\u00e9pos\u00e9. Si vous n\u2019activez pas ce cookie, si vous le <br \/>supprimez ult\u00e9rieurement, ou si vous consultez metalimpexgroup-preprod.krealid.com en navigation <br \/>priv\u00e9e, nous ne serons pas en mesure de d\u00e9tecter votre demande et nous continuerons \u00e0 r\u00e9colter <br \/>des donn\u00e9es sur le suivi de votre navigation. <br \/>Je comprends qu\u2019apr\u00e8s l\u2019activation de cette option, je serai comptabilis\u00e9 comme un internaute <br \/>refusant d\u2019\u00eatre audit\u00e9 et que mes donn\u00e9es de navigation seront exclues des donn\u00e9es restitu\u00e9es par <br \/>Piano Analytics (AT Internet).<\/p>\t\t\t\t\t\t\t\t<\/div>\n\t\t\t\t<\/div>\n\t\t\t\t<div class=\"elementor-element elementor-element-d620638 elementor-align-center elementor-widget elementor-widget-button\" data-id=\"d620638\" data-element_type=\"widget\" data-e-type=\"widget\" data-widget_type=\"button.default\">\n\t\t\t\t<div class=\"elementor-widget-container\">\n\t\t\t\t\t\t\t\t\t<div class=\"elementor-button-wrapper\">\n\t\t\t\t\t<a class=\"elementor-button elementor-button-link elementor-size-sm\" href=\"#\">\n\t\t\t\t\t\t<span class=\"elementor-button-content-wrapper\">\n\t\t\t\t\t\t\t\t\t<span class=\"elementor-button-text\">Activer l\u2019option \u00ab opt-out \u00bb<\/span>\n\t\t\t\t\t<\/span>\n\t\t\t\t\t<\/a>\n\t\t\t\t<\/div>\n\t\t\t\t\t\t\t\t<\/div>\n\t\t\t\t<\/div>\n\t\t\t\t\t<\/div>\n\t\t<\/div>\n\t\t\t\t\t<\/div>\n\t\t<\/section>\n\t\t\t\t<\/div>\n\t\t","protected":false},"excerpt":{"rendered":"<p>L\u2019option \u00ab opt-out \u00bb mise en place par le service Piano Analytics (AT Internet) permet d\u2019exclure les donn\u00e9es de votre navigation sur metalimpexgroup.com\/fr\/, qui utilise le service de mesure d\u2019audience de Piano Analytics (AT Internet), qui y collecte des donn\u00e9es statistiques. Pour activer cette option, vous devez au pr\u00e9alable activer le d\u00e9p\u00f4t d\u2019un cookie \u00ab [&hellip;]<\/p>\n","protected":false},"author":1,"featured_media":0,"parent":0,"menu_order":0,"comment_status":"closed","ping_status":"closed","template":"","meta":{"_acf_changed":false,"inline_featured_image":false,"footnotes":""},"class_list":["post-11148","page","type-page","status-publish","hentry"],"acf":[],"yoast_head":"<!-- This site is optimized with the Yoast SEO plugin v27.3 - https:\/\/yoast.com\/product\/yoast-seo-wordpress\/ -->\n<title>D\u00e9claration cookies - Metalimpex Group<\/title>\n<meta name=\"robots\" content=\"index, follow, max-snippet:-1, max-image-preview:large, max-video-preview:-1\" \/>\n<link rel=\"canonical\" href=\"https:\/\/metalimpexgroup.com\/fr\/cookies-declaration\/\" \/>\n<meta property=\"og:locale\" content=\"fr_FR\" \/>\n<meta property=\"og:type\" content=\"article\" \/>\n<meta property=\"og:title\" content=\"D\u00e9claration cookies - Metalimpex Group\" \/>\n<meta property=\"og:description\" content=\"L\u2019option \u00ab opt-out \u00bb mise en place par le service Piano Analytics (AT Internet) permet d\u2019exclure les donn\u00e9es de votre navigation sur metalimpexgroup.com\/fr\/, qui utilise le service de mesure d\u2019audience de Piano Analytics (AT Internet), qui y collecte des donn\u00e9es statistiques. Pour activer cette option, vous devez au pr\u00e9alable activer le d\u00e9p\u00f4t d\u2019un cookie \u00ab [&hellip;]\" \/>\n<meta property=\"og:url\" content=\"https:\/\/metalimpexgroup.com\/fr\/cookies-declaration\/\" \/>\n<meta property=\"og:site_name\" content=\"Metalimpex Group\" \/>\n<meta property=\"article:modified_time\" content=\"2023-07-19T14:01:05+00:00\" \/>\n<meta property=\"og:image\" content=\"https:\/\/metalimpexgroup.com\/wp-content\/uploads\/2022\/07\/Campa-Magaz-vista-fragmentador-scaled.jpg\" \/>\n\t<meta property=\"og:image:width\" content=\"2560\" \/>\n\t<meta property=\"og:image:height\" content=\"1702\" \/>\n\t<meta property=\"og:image:type\" content=\"image\/jpeg\" \/>\n<meta name=\"twitter:card\" content=\"summary_large_image\" \/>\n<meta name=\"twitter:label1\" content=\"Dur\u00e9e de lecture estim\u00e9e\" \/>\n\t<meta name=\"twitter:data1\" content=\"1 minute\" \/>\n<script type=\"application\/ld+json\" class=\"yoast-schema-graph\">{\"@context\":\"https:\\\/\\\/schema.org\",\"@graph\":[{\"@type\":\"WebPage\",\"@id\":\"https:\\\/\\\/metalimpexgroup.com\\\/fr\\\/cookies-declaration\\\/\",\"url\":\"https:\\\/\\\/metalimpexgroup.com\\\/fr\\\/cookies-declaration\\\/\",\"name\":\"D\u00e9claration cookies - Metalimpex Group\",\"isPartOf\":{\"@id\":\"https:\\\/\\\/metalimpexgroup.com\\\/#website\"},\"datePublished\":\"2023-06-27T13:02:37+00:00\",\"dateModified\":\"2023-07-19T14:01:05+00:00\",\"breadcrumb\":{\"@id\":\"https:\\\/\\\/metalimpexgroup.com\\\/fr\\\/cookies-declaration\\\/#breadcrumb\"},\"inLanguage\":\"fr-FR\",\"potentialAction\":[{\"@type\":\"ReadAction\",\"target\":[\"https:\\\/\\\/metalimpexgroup.com\\\/fr\\\/cookies-declaration\\\/\"]}]},{\"@type\":\"BreadcrumbList\",\"@id\":\"https:\\\/\\\/metalimpexgroup.com\\\/fr\\\/cookies-declaration\\\/#breadcrumb\",\"itemListElement\":[{\"@type\":\"ListItem\",\"position\":1,\"name\":\"Accueil\",\"item\":\"https:\\\/\\\/metalimpexgroup.com\\\/\"},{\"@type\":\"ListItem\",\"position\":2,\"name\":\"D\u00e9claration cookies\"}]},{\"@type\":\"WebSite\",\"@id\":\"https:\\\/\\\/metalimpexgroup.com\\\/#website\",\"url\":\"https:\\\/\\\/metalimpexgroup.com\\\/\",\"name\":\"Metalimpex Group\",\"description\":\"Expert de la valorisation des m\u00e9taux ferreux et non-ferreux\",\"publisher\":{\"@id\":\"https:\\\/\\\/metalimpexgroup.com\\\/#organization\"},\"potentialAction\":[{\"@type\":\"SearchAction\",\"target\":{\"@type\":\"EntryPoint\",\"urlTemplate\":\"https:\\\/\\\/metalimpexgroup.com\\\/?s={search_term_string}\"},\"query-input\":{\"@type\":\"PropertyValueSpecification\",\"valueRequired\":true,\"valueName\":\"search_term_string\"}}],\"inLanguage\":\"fr-FR\"},{\"@type\":\"Organization\",\"@id\":\"https:\\\/\\\/metalimpexgroup.com\\\/#organization\",\"name\":\"Metalimpex Group\",\"url\":\"https:\\\/\\\/metalimpexgroup.com\\\/\",\"logo\":{\"@type\":\"ImageObject\",\"inLanguage\":\"fr-FR\",\"@id\":\"https:\\\/\\\/metalimpexgroup.com\\\/#\\\/schema\\\/logo\\\/image\\\/\",\"url\":\"https:\\\/\\\/metalimpexgroup.com\\\/wp-content\\\/uploads\\\/2022\\\/07\\\/logo-white.svg\",\"contentUrl\":\"https:\\\/\\\/metalimpexgroup.com\\\/wp-content\\\/uploads\\\/2022\\\/07\\\/logo-white.svg\",\"width\":135,\"height\":65,\"caption\":\"Metalimpex Group\"},\"image\":{\"@id\":\"https:\\\/\\\/metalimpexgroup.com\\\/#\\\/schema\\\/logo\\\/image\\\/\"}}]}<\/script>\n<!-- \/ Yoast SEO plugin. -->","yoast_head_json":{"title":"D\u00e9claration cookies - Metalimpex Group","robots":{"index":"index","follow":"follow","max-snippet":"max-snippet:-1","max-image-preview":"max-image-preview:large","max-video-preview":"max-video-preview:-1"},"canonical":"https:\/\/metalimpexgroup.com\/fr\/cookies-declaration\/","og_locale":"fr_FR","og_type":"article","og_title":"D\u00e9claration cookies - Metalimpex Group","og_description":"L\u2019option \u00ab opt-out \u00bb mise en place par le service Piano Analytics (AT Internet) permet d\u2019exclure les donn\u00e9es de votre navigation sur metalimpexgroup.com\/fr\/, qui utilise le service de mesure d\u2019audience de Piano Analytics (AT Internet), qui y collecte des donn\u00e9es statistiques. Pour activer cette option, vous devez au pr\u00e9alable activer le d\u00e9p\u00f4t d\u2019un cookie \u00ab [&hellip;]","og_url":"https:\/\/metalimpexgroup.com\/fr\/cookies-declaration\/","og_site_name":"Metalimpex Group","article_modified_time":"2023-07-19T14:01:05+00:00","og_image":[{"width":2560,"height":1702,"url":"https:\/\/metalimpexgroup.com\/wp-content\/uploads\/2022\/07\/Campa-Magaz-vista-fragmentador-scaled.jpg","type":"image\/jpeg"}],"twitter_card":"summary_large_image","twitter_misc":{"Dur\u00e9e de lecture estim\u00e9e":"1 minute"},"schema":{"@context":"https:\/\/schema.org","@graph":[{"@type":"WebPage","@id":"https:\/\/metalimpexgroup.com\/fr\/cookies-declaration\/","url":"https:\/\/metalimpexgroup.com\/fr\/cookies-declaration\/","name":"D\u00e9claration cookies - Metalimpex Group","isPartOf":{"@id":"https:\/\/metalimpexgroup.com\/#website"},"datePublished":"2023-06-27T13:02:37+00:00","dateModified":"2023-07-19T14:01:05+00:00","breadcrumb":{"@id":"https:\/\/metalimpexgroup.com\/fr\/cookies-declaration\/#breadcrumb"},"inLanguage":"fr-FR","potentialAction":[{"@type":"ReadAction","target":["https:\/\/metalimpexgroup.com\/fr\/cookies-declaration\/"]}]},{"@type":"BreadcrumbList","@id":"https:\/\/metalimpexgroup.com\/fr\/cookies-declaration\/#breadcrumb","itemListElement":[{"@type":"ListItem","position":1,"name":"Accueil","item":"https:\/\/metalimpexgroup.com\/"},{"@type":"ListItem","position":2,"name":"D\u00e9claration cookies"}]},{"@type":"WebSite","@id":"https:\/\/metalimpexgroup.com\/#website","url":"https:\/\/metalimpexgroup.com\/","name":"Metalimpex Group","description":"Expert de la valorisation des m\u00e9taux ferreux et non-ferreux","publisher":{"@id":"https:\/\/metalimpexgroup.com\/#organization"},"potentialAction":[{"@type":"SearchAction","target":{"@type":"EntryPoint","urlTemplate":"https:\/\/metalimpexgroup.com\/?s={search_term_string}"},"query-input":{"@type":"PropertyValueSpecification","valueRequired":true,"valueName":"search_term_string"}}],"inLanguage":"fr-FR"},{"@type":"Organization","@id":"https:\/\/metalimpexgroup.com\/#organization","name":"Metalimpex Group","url":"https:\/\/metalimpexgroup.com\/","logo":{"@type":"ImageObject","inLanguage":"fr-FR","@id":"https:\/\/metalimpexgroup.com\/#\/schema\/logo\/image\/","url":"https:\/\/metalimpexgroup.com\/wp-content\/uploads\/2022\/07\/logo-white.svg","contentUrl":"https:\/\/metalimpexgroup.com\/wp-content\/uploads\/2022\/07\/logo-white.svg","width":135,"height":65,"caption":"Metalimpex Group"},"image":{"@id":"https:\/\/metalimpexgroup.com\/#\/schema\/logo\/image\/"}}]}},"_links":{"self":[{"href":"https:\/\/metalimpexgroup.com\/fr\/wp-json\/wp\/v2\/pages\/11148","targetHints":{"allow":["GET"]}}],"collection":[{"href":"https:\/\/metalimpexgroup.com\/fr\/wp-json\/wp\/v2\/pages"}],"about":[{"href":"https:\/\/metalimpexgroup.com\/fr\/wp-json\/wp\/v2\/types\/page"}],"author":[{"embeddable":true,"href":"https:\/\/metalimpexgroup.com\/fr\/wp-json\/wp\/v2\/users\/1"}],"replies":[{"embeddable":true,"href":"https:\/\/metalimpexgroup.com\/fr\/wp-json\/wp\/v2\/comments?post=11148"}],"version-history":[{"count":4,"href":"https:\/\/metalimpexgroup.com\/fr\/wp-json\/wp\/v2\/pages\/11148\/revisions"}],"predecessor-version":[{"id":11208,"href":"https:\/\/metalimpexgroup.com\/fr\/wp-json\/wp\/v2\/pages\/11148\/revisions\/11208"}],"wp:attachment":[{"href":"https:\/\/metalimpexgroup.com\/fr\/wp-json\/wp\/v2\/media?parent=11148"}],"curies":[{"name":"wp","href":"https:\/\/api.w.org\/{rel}","templated":true}]}}