{"id":4836,"date":"2022-07-28T15:17:17","date_gmt":"2022-07-28T13:17:17","guid":{"rendered":"https:\/\/metalimpexgroup.com\/nos-solutions-en-aval\/"},"modified":"2023-06-02T15:01:01","modified_gmt":"2023-06-02T13:01:01","slug":"nos-solutions-en-aval","status":"publish","type":"page","link":"https:\/\/metalimpexgroup.com\/fr\/nos-solutions\/nos-solutions-en-aval\/","title":{"rendered":"Nos solutions en aval"},"content":{"rendered":"\t\t<div data-elementor-type=\"wp-page\" data-elementor-id=\"4836\" class=\"elementor elementor-4836 elementor-1500\" data-elementor-post-type=\"page\">\n\t\t\t\t\t\t<section class=\"has_eae_slider elementor-section elementor-top-section elementor-element elementor-element-11c31447 elementor-section-full_width elementor-section-height-default elementor-section-height-default\" data-eae-slider=\"49962\" data-id=\"11c31447\" data-element_type=\"section\" data-e-type=\"section\">\n\t\t\t\t\t\t<div class=\"elementor-container elementor-column-gap-no\">\n\t\t\t\t\t<div class=\"has_eae_slider elementor-column elementor-col-50 elementor-top-column elementor-element elementor-element-7fbb0b3e\" data-eae-slider=\"61472\" data-id=\"7fbb0b3e\" data-element_type=\"column\" data-e-type=\"column\">\n\t\t\t<div class=\"elementor-widget-wrap elementor-element-populated\">\n\t\t\t\t\t\t<div class=\"elementor-element elementor-element-7c956520 elementor-widget__width-auto elementor-widget elementor-widget-heading\" data-id=\"7c956520\" data-element_type=\"widget\" data-e-type=\"widget\" data-widget_type=\"heading.default\">\n\t\t\t\t<div class=\"elementor-widget-container\">\n\t\t\t\t\t<div class=\"elementor-heading-title elementor-size-default\">Nos solutions<\/div>\t\t\t\t<\/div>\n\t\t\t\t<\/div>\n\t\t\t\t<div class=\"elementor-element elementor-element-28cc0d2a elementor-widget elementor-widget-heading\" data-id=\"28cc0d2a\" data-element_type=\"widget\" data-e-type=\"widget\" data-widget_type=\"heading.default\">\n\t\t\t\t<div class=\"elementor-widget-container\">\n\t\t\t\t\t<h1 class=\"elementor-heading-title elementor-size-default\">Notre travail <b>en aval<\/b><\/h1>\t\t\t\t<\/div>\n\t\t\t\t<\/div>\n\t\t\t\t<div class=\"elementor-element elementor-element-20e03f48 elementor-widget elementor-widget-text-editor\" data-id=\"20e03f48\" data-element_type=\"widget\" data-e-type=\"widget\" data-widget_type=\"text-editor.default\">\n\t\t\t\t<div class=\"elementor-widget-container\">\n\t\t\t\t\t\t\t\t\t<p>Metalimpex garantit \u00e0 ses clients un <strong>approvisionnement en mati\u00e8res premi\u00e8res de qualit\u00e9<\/strong>, r\u00e9pondant \u00e0 un cahier des charges exigeant, au bon prix et dans les bons d\u00e9lais.<\/p><p>Une fois que les \u00e9quipes Metalimpex ont collect\u00e9 les m\u00e9taux ferreux et non ferreux sur les sites des clients amont, les m\u00e9taux doivent suivre plusieurs \u00e9tapes pour \u00eatre r\u00e9int\u00e9gr\u00e9s dans le cycle de fabrication.<\/p><p>Metalimpex se charge de <strong>trier et de pr\u00e9parer les d\u00e9chets m\u00e9talliques afin de pouvoir les commercialiser et les r\u00e9int\u00e9grer dans le cycle de fabrication pour leur offrir une nouvelle vie<\/strong>.<\/p>\t\t\t\t\t\t\t\t<\/div>\n\t\t\t\t<\/div>\n\t\t\t\t\t<\/div>\n\t\t<\/div>\n\t\t\t\t<div class=\"has_eae_slider elementor-column elementor-col-50 elementor-top-column elementor-element elementor-element-32f088e9\" data-eae-slider=\"25350\" data-id=\"32f088e9\" data-element_type=\"column\" data-e-type=\"column\">\n\t\t\t<div class=\"elementor-widget-wrap elementor-element-populated\">\n\t\t\t\t\t\t<div class=\"elementor-element elementor-element-39ecee3 w-objectfit-img elementor-widget elementor-widget-image\" data-id=\"39ecee3\" data-element_type=\"widget\" data-e-type=\"widget\" data-widget_type=\"image.default\">\n\t\t\t\t<div class=\"elementor-widget-container\">\n\t\t\t\t\t\t\t\t\t\t\t\t\t\t\t<img fetchpriority=\"high\" decoding=\"async\" width=\"825\" height=\"761\" src=\"https:\/\/metalimpexgroup.com\/wp-content\/uploads\/2022\/08\/Rectangle-39-7.jpg\" class=\"attachment-full size-full wp-image-4408\" alt=\"Metalimpex se charge de trier et de pr\u00e9parer les d\u00e9chets m\u00e9talliques afin de pouvoir les commercialiser et les r\u00e9int\u00e9grer dans le cycle de fabrication pour leur offrir une nouvelle vie.\" srcset=\"https:\/\/metalimpexgroup.com\/wp-content\/uploads\/2022\/08\/Rectangle-39-7.jpg 825w, https:\/\/metalimpexgroup.com\/wp-content\/uploads\/2022\/08\/Rectangle-39-7-300x277.jpg 300w, https:\/\/metalimpexgroup.com\/wp-content\/uploads\/2022\/08\/Rectangle-39-7-768x708.jpg 768w\" sizes=\"(max-width: 825px) 100vw, 825px\" \/>\t\t\t\t\t\t\t\t\t\t\t\t\t\t\t<\/div>\n\t\t\t\t<\/div>\n\t\t\t\t\t<\/div>\n\t\t<\/div>\n\t\t\t\t\t<\/div>\n\t\t<\/section>\n\t\t\t\t<section class=\"has_eae_slider elementor-section elementor-top-section elementor-element elementor-element-67bf2bf solutions-aval__bloc1 elementor-reverse-mobile elementor-section-boxed elementor-section-height-default elementor-section-height-default\" data-eae-slider=\"60056\" data-id=\"67bf2bf\" data-element_type=\"section\" data-e-type=\"section\" data-settings=\"{&quot;background_background&quot;:&quot;classic&quot;}\">\n\t\t\t\t\t\t<div class=\"elementor-container elementor-column-gap-default\">\n\t\t\t\t\t<div class=\"has_eae_slider elementor-column elementor-col-50 elementor-top-column elementor-element elementor-element-d48bffb\" data-eae-slider=\"20188\" data-id=\"d48bffb\" data-element_type=\"column\" data-e-type=\"column\">\n\t\t\t<div class=\"elementor-widget-wrap elementor-element-populated\">\n\t\t\t\t\t\t<div class=\"elementor-element elementor-element-163b6f8 solutions-aval__img elementor-widget elementor-widget-image\" data-id=\"163b6f8\" data-element_type=\"widget\" data-e-type=\"widget\" data-widget_type=\"image.default\">\n\t\t\t\t<div class=\"elementor-widget-container\">\n\t\t\t\t\t\t\t\t\t\t\t\t\t\t\t<img decoding=\"async\" width=\"690\" height=\"690\" src=\"https:\/\/metalimpexgroup.com\/wp-content\/uploads\/2022\/08\/Rectangle-79-1.jpg\" class=\"attachment-large size-large wp-image-4406\" alt=\"Metalimpex collecte et trie l\u2019ensemble des mati\u00e8res premi\u00e8res secondaires.\" srcset=\"https:\/\/metalimpexgroup.com\/wp-content\/uploads\/2022\/08\/Rectangle-79-1.jpg 690w, https:\/\/metalimpexgroup.com\/wp-content\/uploads\/2022\/08\/Rectangle-79-1-300x300.jpg 300w, https:\/\/metalimpexgroup.com\/wp-content\/uploads\/2022\/08\/Rectangle-79-1-150x150.jpg 150w\" sizes=\"(max-width: 690px) 100vw, 690px\" \/>\t\t\t\t\t\t\t\t\t\t\t\t\t\t\t<\/div>\n\t\t\t\t<\/div>\n\t\t\t\t\t<\/div>\n\t\t<\/div>\n\t\t\t\t<div class=\"has_eae_slider elementor-column elementor-col-50 elementor-top-column elementor-element elementor-element-5c6e8c1\" data-eae-slider=\"8478\" data-id=\"5c6e8c1\" data-element_type=\"column\" data-e-type=\"column\">\n\t\t\t<div class=\"elementor-widget-wrap elementor-element-populated\">\n\t\t\t\t\t\t<div class=\"elementor-element elementor-element-8c46893 elementor-widget__width-initial elementor-widget elementor-widget-heading\" data-id=\"8c46893\" data-element_type=\"widget\" data-e-type=\"widget\" data-widget_type=\"heading.default\">\n\t\t\t\t<div class=\"elementor-widget-container\">\n\t\t\t\t\t<h2 class=\"elementor-heading-title elementor-size-default\"><b>Les b\u00e9n\u00e9fices<\/b> <br>pour nos clients<\/h2>\t\t\t\t<\/div>\n\t\t\t\t<\/div>\n\t\t\t\t<div class=\"elementor-element elementor-element-018b0df elementor-widget__width-initial solutions-aval__list elementor-widget elementor-widget-text-editor\" data-id=\"018b0df\" data-element_type=\"widget\" data-e-type=\"widget\" data-widget_type=\"text-editor.default\">\n\t\t\t\t<div class=\"elementor-widget-container\">\n\t\t\t\t\t\t\t\t\t<ul><li><strong>Metalimpex collecte et trie l\u2019ensemble des mati\u00e8res premi\u00e8res secondaires<\/strong> qu&rsquo;elles soient ferreuses, comme l\u2019acier, la fonte ou l\u2019inox, ou non ferreuses comme l\u2019aluminium, le cuivre, le plomb ou le bronze par exemple.<\/li><li><strong>Metalimpex process les mati\u00e8res sur nos sites et ceux de nos clients<\/strong>. Les mati\u00e8res sont cisaill\u00e9es, broy\u00e9es, compact\u00e9es, briquet\u00e9es et essor\u00e9es.<\/li><li><strong>Metalimpex livre le client dans le respect des exigences de son site industriel et de ses d\u00e9lais.<\/strong><\/li><li><strong>Metalimpex exp\u00e9die les produits<\/strong> par voie routi\u00e8re, fluviale ou ferroviaire.<\/li><li><strong>Metalimpex trie et stocke les produits process\u00e9s<\/strong> dans des boxes ou des alv\u00e9oles.<\/li><\/ul>\t\t\t\t\t\t\t\t<\/div>\n\t\t\t\t<\/div>\n\t\t\t\t\t<\/div>\n\t\t<\/div>\n\t\t\t\t\t<\/div>\n\t\t<\/section>\n\t\t\t\t<\/div>\n\t\t","protected":false},"excerpt":{"rendered":"<p>Nos solutions Notre travail en aval Metalimpex garantit \u00e0 ses clients un approvisionnement en mati\u00e8res premi\u00e8res de qualit\u00e9, r\u00e9pondant \u00e0 un cahier des charges exigeant, au bon prix et dans les bons d\u00e9lais. Une fois que les \u00e9quipes Metalimpex ont collect\u00e9 les m\u00e9taux ferreux et non ferreux sur les sites des clients amont, les m\u00e9taux [&hellip;]<\/p>\n","protected":false},"author":1,"featured_media":0,"parent":4838,"menu_order":5,"comment_status":"closed","ping_status":"closed","template":"","meta":{"_acf_changed":false,"inline_featured_image":false,"footnotes":""},"class_list":["post-4836","page","type-page","status-publish","hentry"],"acf":[],"yoast_head":"<!-- This site is optimized with the Yoast SEO plugin v27.4 - https:\/\/yoast.com\/product\/yoast-seo-wordpress\/ -->\n<title>Nos solutions en aval - Metalimpex Group<\/title>\n<meta name=\"description\" content=\"Metalimpex participe activement \u00e0 l&#039;\u00e9conomie circulaire aux seins des diff\u00e9rentes industries : recycleurs, aci\u00e9ries, fonderies, tubistes.\" \/>\n<meta name=\"robots\" content=\"index, follow, max-snippet:-1, max-image-preview:large, max-video-preview:-1\" \/>\n<link rel=\"canonical\" href=\"https:\/\/metalimpexgroup.com\/fr\/nos-solutions\/nos-solutions-en-aval\/\" \/>\n<meta property=\"og:locale\" content=\"fr_FR\" \/>\n<meta property=\"og:type\" content=\"article\" \/>\n<meta property=\"og:title\" content=\"Nos solutions en aval - Metalimpex Group\" \/>\n<meta property=\"og:description\" content=\"Metalimpex participe activement \u00e0 l&#039;\u00e9conomie circulaire aux seins des diff\u00e9rentes industries : recycleurs, aci\u00e9ries, fonderies, tubistes.\" \/>\n<meta property=\"og:url\" content=\"https:\/\/metalimpexgroup.com\/fr\/nos-solutions\/nos-solutions-en-aval\/\" \/>\n<meta property=\"og:site_name\" content=\"Metalimpex Group\" \/>\n<meta property=\"article:modified_time\" content=\"2023-06-02T13:01:01+00:00\" \/>\n<meta property=\"og:image\" content=\"https:\/\/metalimpexgroup.com\/wp-content\/uploads\/2022\/08\/Rectangle-39-7.jpg\" \/>\n<meta name=\"twitter:card\" content=\"summary_large_image\" \/>\n<meta name=\"twitter:label1\" content=\"Dur\u00e9e de lecture estim\u00e9e\" \/>\n\t<meta name=\"twitter:data1\" content=\"2 minutes\" \/>\n<script type=\"application\/ld+json\" class=\"yoast-schema-graph\">{\"@context\":\"https:\\\/\\\/schema.org\",\"@graph\":[{\"@type\":\"WebPage\",\"@id\":\"https:\\\/\\\/metalimpexgroup.com\\\/fr\\\/nos-solutions\\\/nos-solutions-en-aval\\\/\",\"url\":\"https:\\\/\\\/metalimpexgroup.com\\\/fr\\\/nos-solutions\\\/nos-solutions-en-aval\\\/\",\"name\":\"Nos solutions en aval - Metalimpex Group\",\"isPartOf\":{\"@id\":\"https:\\\/\\\/metalimpexgroup.com\\\/#website\"},\"primaryImageOfPage\":{\"@id\":\"https:\\\/\\\/metalimpexgroup.com\\\/fr\\\/nos-solutions\\\/nos-solutions-en-aval\\\/#primaryimage\"},\"image\":{\"@id\":\"https:\\\/\\\/metalimpexgroup.com\\\/fr\\\/nos-solutions\\\/nos-solutions-en-aval\\\/#primaryimage\"},\"thumbnailUrl\":\"https:\\\/\\\/metalimpexgroup.com\\\/wp-content\\\/uploads\\\/2022\\\/08\\\/Rectangle-39-7.jpg\",\"datePublished\":\"2022-07-28T13:17:17+00:00\",\"dateModified\":\"2023-06-02T13:01:01+00:00\",\"description\":\"Metalimpex participe activement \u00e0 l'\u00e9conomie circulaire aux seins des diff\u00e9rentes industries : recycleurs, aci\u00e9ries, fonderies, tubistes.\",\"breadcrumb\":{\"@id\":\"https:\\\/\\\/metalimpexgroup.com\\\/fr\\\/nos-solutions\\\/nos-solutions-en-aval\\\/#breadcrumb\"},\"inLanguage\":\"fr-FR\",\"potentialAction\":[{\"@type\":\"ReadAction\",\"target\":[\"https:\\\/\\\/metalimpexgroup.com\\\/fr\\\/nos-solutions\\\/nos-solutions-en-aval\\\/\"]}]},{\"@type\":\"ImageObject\",\"inLanguage\":\"fr-FR\",\"@id\":\"https:\\\/\\\/metalimpexgroup.com\\\/fr\\\/nos-solutions\\\/nos-solutions-en-aval\\\/#primaryimage\",\"url\":\"https:\\\/\\\/metalimpexgroup.com\\\/wp-content\\\/uploads\\\/2022\\\/08\\\/Rectangle-39-7.jpg\",\"contentUrl\":\"https:\\\/\\\/metalimpexgroup.com\\\/wp-content\\\/uploads\\\/2022\\\/08\\\/Rectangle-39-7.jpg\"},{\"@type\":\"BreadcrumbList\",\"@id\":\"https:\\\/\\\/metalimpexgroup.com\\\/fr\\\/nos-solutions\\\/nos-solutions-en-aval\\\/#breadcrumb\",\"itemListElement\":[{\"@type\":\"ListItem\",\"position\":1,\"name\":\"Accueil\",\"item\":\"https:\\\/\\\/metalimpexgroup.com\\\/\"},{\"@type\":\"ListItem\",\"position\":2,\"name\":\"Nos solutions\",\"item\":\"https:\\\/\\\/metalimpexgroup.com\\\/fr\\\/nos-solutions\\\/\"},{\"@type\":\"ListItem\",\"position\":3,\"name\":\"Nos solutions en aval\"}]},{\"@type\":\"WebSite\",\"@id\":\"https:\\\/\\\/metalimpexgroup.com\\\/#website\",\"url\":\"https:\\\/\\\/metalimpexgroup.com\\\/\",\"name\":\"Metalimpex Group\",\"description\":\"Expert de la valorisation des m\u00e9taux ferreux et non-ferreux\",\"publisher\":{\"@id\":\"https:\\\/\\\/metalimpexgroup.com\\\/#organization\"},\"potentialAction\":[{\"@type\":\"SearchAction\",\"target\":{\"@type\":\"EntryPoint\",\"urlTemplate\":\"https:\\\/\\\/metalimpexgroup.com\\\/?s={search_term_string}\"},\"query-input\":{\"@type\":\"PropertyValueSpecification\",\"valueRequired\":true,\"valueName\":\"search_term_string\"}}],\"inLanguage\":\"fr-FR\"},{\"@type\":\"Organization\",\"@id\":\"https:\\\/\\\/metalimpexgroup.com\\\/#organization\",\"name\":\"Metalimpex Group\",\"url\":\"https:\\\/\\\/metalimpexgroup.com\\\/\",\"logo\":{\"@type\":\"ImageObject\",\"inLanguage\":\"fr-FR\",\"@id\":\"https:\\\/\\\/metalimpexgroup.com\\\/#\\\/schema\\\/logo\\\/image\\\/\",\"url\":\"https:\\\/\\\/metalimpexgroup.com\\\/wp-content\\\/uploads\\\/2022\\\/07\\\/logo-white.svg\",\"contentUrl\":\"https:\\\/\\\/metalimpexgroup.com\\\/wp-content\\\/uploads\\\/2022\\\/07\\\/logo-white.svg\",\"width\":135,\"height\":65,\"caption\":\"Metalimpex Group\"},\"image\":{\"@id\":\"https:\\\/\\\/metalimpexgroup.com\\\/#\\\/schema\\\/logo\\\/image\\\/\"}}]}<\/script>\n<!-- \/ Yoast SEO plugin. -->","yoast_head_json":{"title":"Nos solutions en aval - Metalimpex Group","description":"Metalimpex participe activement \u00e0 l'\u00e9conomie circulaire aux seins des diff\u00e9rentes industries : recycleurs, aci\u00e9ries, fonderies, tubistes.","robots":{"index":"index","follow":"follow","max-snippet":"max-snippet:-1","max-image-preview":"max-image-preview:large","max-video-preview":"max-video-preview:-1"},"canonical":"https:\/\/metalimpexgroup.com\/fr\/nos-solutions\/nos-solutions-en-aval\/","og_locale":"fr_FR","og_type":"article","og_title":"Nos solutions en aval - Metalimpex Group","og_description":"Metalimpex participe activement \u00e0 l'\u00e9conomie circulaire aux seins des diff\u00e9rentes industries : recycleurs, aci\u00e9ries, fonderies, tubistes.","og_url":"https:\/\/metalimpexgroup.com\/fr\/nos-solutions\/nos-solutions-en-aval\/","og_site_name":"Metalimpex Group","article_modified_time":"2023-06-02T13:01:01+00:00","og_image":[{"url":"https:\/\/metalimpexgroup.com\/wp-content\/uploads\/2022\/08\/Rectangle-39-7.jpg","type":"","width":"","height":""}],"twitter_card":"summary_large_image","twitter_misc":{"Dur\u00e9e de lecture estim\u00e9e":"2 minutes"},"schema":{"@context":"https:\/\/schema.org","@graph":[{"@type":"WebPage","@id":"https:\/\/metalimpexgroup.com\/fr\/nos-solutions\/nos-solutions-en-aval\/","url":"https:\/\/metalimpexgroup.com\/fr\/nos-solutions\/nos-solutions-en-aval\/","name":"Nos solutions en aval - Metalimpex Group","isPartOf":{"@id":"https:\/\/metalimpexgroup.com\/#website"},"primaryImageOfPage":{"@id":"https:\/\/metalimpexgroup.com\/fr\/nos-solutions\/nos-solutions-en-aval\/#primaryimage"},"image":{"@id":"https:\/\/metalimpexgroup.com\/fr\/nos-solutions\/nos-solutions-en-aval\/#primaryimage"},"thumbnailUrl":"https:\/\/metalimpexgroup.com\/wp-content\/uploads\/2022\/08\/Rectangle-39-7.jpg","datePublished":"2022-07-28T13:17:17+00:00","dateModified":"2023-06-02T13:01:01+00:00","description":"Metalimpex participe activement \u00e0 l'\u00e9conomie circulaire aux seins des diff\u00e9rentes industries : recycleurs, aci\u00e9ries, fonderies, tubistes.","breadcrumb":{"@id":"https:\/\/metalimpexgroup.com\/fr\/nos-solutions\/nos-solutions-en-aval\/#breadcrumb"},"inLanguage":"fr-FR","potentialAction":[{"@type":"ReadAction","target":["https:\/\/metalimpexgroup.com\/fr\/nos-solutions\/nos-solutions-en-aval\/"]}]},{"@type":"ImageObject","inLanguage":"fr-FR","@id":"https:\/\/metalimpexgroup.com\/fr\/nos-solutions\/nos-solutions-en-aval\/#primaryimage","url":"https:\/\/metalimpexgroup.com\/wp-content\/uploads\/2022\/08\/Rectangle-39-7.jpg","contentUrl":"https:\/\/metalimpexgroup.com\/wp-content\/uploads\/2022\/08\/Rectangle-39-7.jpg"},{"@type":"BreadcrumbList","@id":"https:\/\/metalimpexgroup.com\/fr\/nos-solutions\/nos-solutions-en-aval\/#breadcrumb","itemListElement":[{"@type":"ListItem","position":1,"name":"Accueil","item":"https:\/\/metalimpexgroup.com\/"},{"@type":"ListItem","position":2,"name":"Nos solutions","item":"https:\/\/metalimpexgroup.com\/fr\/nos-solutions\/"},{"@type":"ListItem","position":3,"name":"Nos solutions en aval"}]},{"@type":"WebSite","@id":"https:\/\/metalimpexgroup.com\/#website","url":"https:\/\/metalimpexgroup.com\/","name":"Metalimpex Group","description":"Expert de la valorisation des m\u00e9taux ferreux et non-ferreux","publisher":{"@id":"https:\/\/metalimpexgroup.com\/#organization"},"potentialAction":[{"@type":"SearchAction","target":{"@type":"EntryPoint","urlTemplate":"https:\/\/metalimpexgroup.com\/?s={search_term_string}"},"query-input":{"@type":"PropertyValueSpecification","valueRequired":true,"valueName":"search_term_string"}}],"inLanguage":"fr-FR"},{"@type":"Organization","@id":"https:\/\/metalimpexgroup.com\/#organization","name":"Metalimpex Group","url":"https:\/\/metalimpexgroup.com\/","logo":{"@type":"ImageObject","inLanguage":"fr-FR","@id":"https:\/\/metalimpexgroup.com\/#\/schema\/logo\/image\/","url":"https:\/\/metalimpexgroup.com\/wp-content\/uploads\/2022\/07\/logo-white.svg","contentUrl":"https:\/\/metalimpexgroup.com\/wp-content\/uploads\/2022\/07\/logo-white.svg","width":135,"height":65,"caption":"Metalimpex Group"},"image":{"@id":"https:\/\/metalimpexgroup.com\/#\/schema\/logo\/image\/"}}]}},"_links":{"self":[{"href":"https:\/\/metalimpexgroup.com\/fr\/wp-json\/wp\/v2\/pages\/4836","targetHints":{"allow":["GET"]}}],"collection":[{"href":"https:\/\/metalimpexgroup.com\/fr\/wp-json\/wp\/v2\/pages"}],"about":[{"href":"https:\/\/metalimpexgroup.com\/fr\/wp-json\/wp\/v2\/types\/page"}],"author":[{"embeddable":true,"href":"https:\/\/metalimpexgroup.com\/fr\/wp-json\/wp\/v2\/users\/1"}],"replies":[{"embeddable":true,"href":"https:\/\/metalimpexgroup.com\/fr\/wp-json\/wp\/v2\/comments?post=4836"}],"version-history":[{"count":4,"href":"https:\/\/metalimpexgroup.com\/fr\/wp-json\/wp\/v2\/pages\/4836\/revisions"}],"predecessor-version":[{"id":11031,"href":"https:\/\/metalimpexgroup.com\/fr\/wp-json\/wp\/v2\/pages\/4836\/revisions\/11031"}],"up":[{"embeddable":true,"href":"https:\/\/metalimpexgroup.com\/fr\/wp-json\/wp\/v2\/pages\/4838"}],"wp:attachment":[{"href":"https:\/\/metalimpexgroup.com\/fr\/wp-json\/wp\/v2\/media?parent=4836"}],"curies":[{"name":"wp","href":"https:\/\/api.w.org\/{rel}","templated":true}]}}