{"id":4842,"date":"2022-10-17T11:28:19","date_gmt":"2022-10-17T09:28:19","guid":{"rendered":"https:\/\/metalimpexgroup.com\/mentions-legales\/"},"modified":"2025-06-13T15:31:04","modified_gmt":"2025-06-13T13:31:04","slug":"mentions-legales","status":"publish","type":"page","link":"https:\/\/metalimpexgroup.com\/fr\/mentions-legales\/","title":{"rendered":"Mentions l\u00e9gales"},"content":{"rendered":"\t\t<div data-elementor-type=\"wp-page\" data-elementor-id=\"4842\" class=\"elementor elementor-4842 elementor-3878\" data-elementor-post-type=\"page\">\n\t\t\t\t\t\t<section class=\"has_eae_slider elementor-section elementor-top-section elementor-element elementor-element-1fb152e elementor-section-boxed elementor-section-height-default elementor-section-height-default\" data-eae-slider=\"15644\" data-id=\"1fb152e\" data-element_type=\"section\" data-e-type=\"section\">\n\t\t\t\t\t\t<div class=\"elementor-container elementor-column-gap-default\">\n\t\t\t\t\t<div class=\"has_eae_slider elementor-column elementor-col-100 elementor-top-column elementor-element elementor-element-cd28839\" data-eae-slider=\"12786\" data-id=\"cd28839\" data-element_type=\"column\" data-e-type=\"column\">\n\t\t\t<div class=\"elementor-widget-wrap elementor-element-populated\">\n\t\t\t\t\t\t<div class=\"elementor-element elementor-element-71c9214 elementor-widget elementor-widget-heading\" data-id=\"71c9214\" data-element_type=\"widget\" data-e-type=\"widget\" data-widget_type=\"heading.default\">\n\t\t\t\t<div class=\"elementor-widget-container\">\n\t\t\t\t\t<h1 class=\"elementor-heading-title elementor-size-default\">MENTIONS L\u00c9GALES<\/h1>\t\t\t\t<\/div>\n\t\t\t\t<\/div>\n\t\t\t\t<div class=\"elementor-element elementor-element-3a2d770 elementor-widget elementor-widget-heading\" data-id=\"3a2d770\" data-element_type=\"widget\" data-e-type=\"widget\" data-widget_type=\"heading.default\">\n\t\t\t\t<div class=\"elementor-widget-container\">\n\t\t\t\t\t<h2 class=\"elementor-heading-title elementor-size-default\">PLATEFORME DIGITALE BCM<\/h2>\t\t\t\t<\/div>\n\t\t\t\t<\/div>\n\t\t\t\t\t<\/div>\n\t\t<\/div>\n\t\t\t\t\t<\/div>\n\t\t<\/section>\n\t\t\t\t<section class=\"has_eae_slider elementor-section elementor-top-section elementor-element elementor-element-5bba589 elementor-section-boxed elementor-section-height-default elementor-section-height-default\" data-eae-slider=\"29260\" data-id=\"5bba589\" data-element_type=\"section\" data-e-type=\"section\">\n\t\t\t\t\t\t<div class=\"elementor-container elementor-column-gap-default\">\n\t\t\t\t\t<div class=\"has_eae_slider elementor-column elementor-col-100 elementor-top-column elementor-element elementor-element-401d949\" data-eae-slider=\"6117\" data-id=\"401d949\" data-element_type=\"column\" data-e-type=\"column\">\n\t\t\t<div class=\"elementor-widget-wrap elementor-element-populated\">\n\t\t\t\t\t\t<div class=\"elementor-element elementor-element-e00027b elementor-widget elementor-widget-text-editor\" data-id=\"e00027b\" data-element_type=\"widget\" data-e-type=\"widget\" data-widget_type=\"text-editor.default\">\n\t\t\t\t<div class=\"elementor-widget-container\">\n\t\t\t\t\t\t\t\t\t<p><strong>\u00a9 BOONE COMENOR METALIMPEX \u2013 Tous droits r\u00e9serv\u00e9s 2022<br \/><\/strong><br \/>BOONE COMENOR METALIMPEX, soci\u00e9t\u00e9 par actions simplifi\u00e9e au capital social de 864 993 euros,<br \/>immatricul\u00e9e au RCS de Lille sous le num\u00e9ro B 316 917 392 sise<br \/>45 rue pasteur \u2013 59520 Marquette lez Lille \u2013 FRANCE<br \/>Pour toute question li\u00e9e \u00e0 la protection des donn\u00e9es : privacy.france@suez.com.<br \/>Pour mieux conna\u00eetre vos droits, vous pouvez \u00e9galement consulter le site de la Commission Nationale de<br \/>l\u2019Informatique et des Libert\u00e9s, accessible \u00e0 l\u2019adresse suivante : <span style=\"text-decoration: underline;\"><a href=\"https:\/\/cnil.fr\" target=\"_blank\" rel=\"noopener\">https:\/\/cnil.fr<\/a><\/span>.<br \/><br \/><\/p><h3><strong>Editeur<\/strong><\/h3><p>Agence Blaaaz<\/p><p><strong>Site : <\/strong><a href=\"https:\/\/blaaaz.com\" target=\"_blank\" rel=\"noopener\"><span style=\"text-decoration: underline;\">https:\/\/blaaaz.com<\/span><\/a><br \/><strong>Email :\u00a0<\/strong>contact@blaaaz.com<br \/><strong>Bureaux :<\/strong> 134 rue Royale, 59800 Lille<br \/><strong>T\u00e9l. :<\/strong>\u00a003 20 87 41 41<\/p><h3><strong>H\u00e9bergement\u00a0<\/strong><\/h3><p>Ce site est heberg\u00e9 chez SAS Nexylan SAS au Capital de 150.000 euros.<br \/>RCS Lille-M\u00e9tropole 517 884 722 274 T Av de la Marne<br \/>59700 MARCQ-EN-BAROEUL<br \/><span style=\"text-decoration: underline;\"><a href=\"http:\/\/www.nexylan.com\" target=\"_blank\" rel=\"noopener\">www.nexylan.com<\/a><\/span><br \/>+33.(0)3.66.72.15.72<\/p>\t\t\t\t\t\t\t\t<\/div>\n\t\t\t\t<\/div>\n\t\t\t\t\t<\/div>\n\t\t<\/div>\n\t\t\t\t\t<\/div>\n\t\t<\/section>\n\t\t\t\t<\/div>\n\t\t","protected":false},"excerpt":{"rendered":"<p>MENTIONS L\u00c9GALES PLATEFORME DIGITALE BCM \u00a9 BOONE COMENOR METALIMPEX \u2013 Tous droits r\u00e9serv\u00e9s 2022BOONE COMENOR METALIMPEX, soci\u00e9t\u00e9 par actions simplifi\u00e9e au capital social de 864 993 euros,immatricul\u00e9e au RCS de Lille sous le num\u00e9ro B 316 917 392 sise45 rue pasteur \u2013 59520 Marquette lez Lille \u2013 FRANCEPour toute question li\u00e9e \u00e0 la protection des [&hellip;]<\/p>\n","protected":false},"author":1,"featured_media":0,"parent":0,"menu_order":2,"comment_status":"closed","ping_status":"closed","template":"","meta":{"_acf_changed":false,"inline_featured_image":false,"footnotes":""},"class_list":["post-4842","page","type-page","status-publish","hentry"],"acf":[],"yoast_head":"<!-- This site is optimized with the Yoast SEO plugin v27.3 - https:\/\/yoast.com\/product\/yoast-seo-wordpress\/ -->\n<title>Mentions l\u00e9gales - Metalimpex Group<\/title>\n<meta name=\"description\" content=\"Retrouvez les mentions l\u00e9gales du site Metalimpex, leader du march\u00e9 en recyclage des d\u00e9chets m\u00e9talliques.\" \/>\n<meta name=\"robots\" content=\"index, follow, max-snippet:-1, max-image-preview:large, max-video-preview:-1\" \/>\n<link rel=\"canonical\" href=\"https:\/\/metalimpexgroup.com\/legal-information\/\" \/>\n<meta property=\"og:locale\" content=\"fr_FR\" \/>\n<meta property=\"og:type\" content=\"article\" \/>\n<meta property=\"og:title\" content=\"Mentions l\u00e9gales - Metalimpex Group\" \/>\n<meta property=\"og:description\" content=\"Retrouvez les mentions l\u00e9gales du site Metalimpex, leader du march\u00e9 en recyclage des d\u00e9chets m\u00e9talliques.\" \/>\n<meta property=\"og:url\" content=\"https:\/\/metalimpexgroup.com\/legal-information\/\" \/>\n<meta property=\"og:site_name\" content=\"Metalimpex Group\" \/>\n<meta property=\"article:modified_time\" content=\"2025-06-13T13:31:04+00:00\" \/>\n<meta property=\"og:image\" content=\"https:\/\/metalimpexgroup.com\/wp-content\/uploads\/2022\/07\/Campa-Magaz-vista-fragmentador-scaled.jpg\" \/>\n\t<meta property=\"og:image:width\" content=\"2560\" \/>\n\t<meta property=\"og:image:height\" content=\"1702\" \/>\n\t<meta property=\"og:image:type\" content=\"image\/jpeg\" \/>\n<meta name=\"twitter:card\" content=\"summary_large_image\" \/>\n<meta name=\"twitter:label1\" content=\"Dur\u00e9e de lecture estim\u00e9e\" \/>\n\t<meta name=\"twitter:data1\" content=\"1 minute\" \/>\n<script type=\"application\/ld+json\" class=\"yoast-schema-graph\">{\"@context\":\"https:\\\/\\\/schema.org\",\"@graph\":[{\"@type\":\"WebPage\",\"@id\":\"https:\\\/\\\/metalimpexgroup.com\\\/legal-information\\\/\",\"url\":\"https:\\\/\\\/metalimpexgroup.com\\\/legal-information\\\/\",\"name\":\"Mentions l\u00e9gales - Metalimpex Group\",\"isPartOf\":{\"@id\":\"https:\\\/\\\/metalimpexgroup.com\\\/#website\"},\"datePublished\":\"2022-10-17T09:28:19+00:00\",\"dateModified\":\"2025-06-13T13:31:04+00:00\",\"description\":\"Retrouvez les mentions l\u00e9gales du site Metalimpex, leader du march\u00e9 en recyclage des d\u00e9chets m\u00e9talliques.\",\"breadcrumb\":{\"@id\":\"https:\\\/\\\/metalimpexgroup.com\\\/legal-information\\\/#breadcrumb\"},\"inLanguage\":\"fr-FR\",\"potentialAction\":[{\"@type\":\"ReadAction\",\"target\":[\"https:\\\/\\\/metalimpexgroup.com\\\/legal-information\\\/\"]}]},{\"@type\":\"BreadcrumbList\",\"@id\":\"https:\\\/\\\/metalimpexgroup.com\\\/legal-information\\\/#breadcrumb\",\"itemListElement\":[{\"@type\":\"ListItem\",\"position\":1,\"name\":\"Accueil\",\"item\":\"https:\\\/\\\/metalimpexgroup.com\\\/\"},{\"@type\":\"ListItem\",\"position\":2,\"name\":\"Mentions l\u00e9gales\"}]},{\"@type\":\"WebSite\",\"@id\":\"https:\\\/\\\/metalimpexgroup.com\\\/#website\",\"url\":\"https:\\\/\\\/metalimpexgroup.com\\\/\",\"name\":\"Metalimpex Group\",\"description\":\"Expert de la valorisation des m\u00e9taux ferreux et non-ferreux\",\"publisher\":{\"@id\":\"https:\\\/\\\/metalimpexgroup.com\\\/#organization\"},\"potentialAction\":[{\"@type\":\"SearchAction\",\"target\":{\"@type\":\"EntryPoint\",\"urlTemplate\":\"https:\\\/\\\/metalimpexgroup.com\\\/?s={search_term_string}\"},\"query-input\":{\"@type\":\"PropertyValueSpecification\",\"valueRequired\":true,\"valueName\":\"search_term_string\"}}],\"inLanguage\":\"fr-FR\"},{\"@type\":\"Organization\",\"@id\":\"https:\\\/\\\/metalimpexgroup.com\\\/#organization\",\"name\":\"Metalimpex Group\",\"url\":\"https:\\\/\\\/metalimpexgroup.com\\\/\",\"logo\":{\"@type\":\"ImageObject\",\"inLanguage\":\"fr-FR\",\"@id\":\"https:\\\/\\\/metalimpexgroup.com\\\/#\\\/schema\\\/logo\\\/image\\\/\",\"url\":\"https:\\\/\\\/metalimpexgroup.com\\\/wp-content\\\/uploads\\\/2022\\\/07\\\/logo-white.svg\",\"contentUrl\":\"https:\\\/\\\/metalimpexgroup.com\\\/wp-content\\\/uploads\\\/2022\\\/07\\\/logo-white.svg\",\"width\":135,\"height\":65,\"caption\":\"Metalimpex Group\"},\"image\":{\"@id\":\"https:\\\/\\\/metalimpexgroup.com\\\/#\\\/schema\\\/logo\\\/image\\\/\"}}]}<\/script>\n<!-- \/ Yoast SEO plugin. -->","yoast_head_json":{"title":"Mentions l\u00e9gales - Metalimpex Group","description":"Retrouvez les mentions l\u00e9gales du site Metalimpex, leader du march\u00e9 en recyclage des d\u00e9chets m\u00e9talliques.","robots":{"index":"index","follow":"follow","max-snippet":"max-snippet:-1","max-image-preview":"max-image-preview:large","max-video-preview":"max-video-preview:-1"},"canonical":"https:\/\/metalimpexgroup.com\/legal-information\/","og_locale":"fr_FR","og_type":"article","og_title":"Mentions l\u00e9gales - Metalimpex Group","og_description":"Retrouvez les mentions l\u00e9gales du site Metalimpex, leader du march\u00e9 en recyclage des d\u00e9chets m\u00e9talliques.","og_url":"https:\/\/metalimpexgroup.com\/legal-information\/","og_site_name":"Metalimpex Group","article_modified_time":"2025-06-13T13:31:04+00:00","og_image":[{"width":2560,"height":1702,"url":"https:\/\/metalimpexgroup.com\/wp-content\/uploads\/2022\/07\/Campa-Magaz-vista-fragmentador-scaled.jpg","type":"image\/jpeg"}],"twitter_card":"summary_large_image","twitter_misc":{"Dur\u00e9e de lecture estim\u00e9e":"1 minute"},"schema":{"@context":"https:\/\/schema.org","@graph":[{"@type":"WebPage","@id":"https:\/\/metalimpexgroup.com\/legal-information\/","url":"https:\/\/metalimpexgroup.com\/legal-information\/","name":"Mentions l\u00e9gales - Metalimpex Group","isPartOf":{"@id":"https:\/\/metalimpexgroup.com\/#website"},"datePublished":"2022-10-17T09:28:19+00:00","dateModified":"2025-06-13T13:31:04+00:00","description":"Retrouvez les mentions l\u00e9gales du site Metalimpex, leader du march\u00e9 en recyclage des d\u00e9chets m\u00e9talliques.","breadcrumb":{"@id":"https:\/\/metalimpexgroup.com\/legal-information\/#breadcrumb"},"inLanguage":"fr-FR","potentialAction":[{"@type":"ReadAction","target":["https:\/\/metalimpexgroup.com\/legal-information\/"]}]},{"@type":"BreadcrumbList","@id":"https:\/\/metalimpexgroup.com\/legal-information\/#breadcrumb","itemListElement":[{"@type":"ListItem","position":1,"name":"Accueil","item":"https:\/\/metalimpexgroup.com\/"},{"@type":"ListItem","position":2,"name":"Mentions l\u00e9gales"}]},{"@type":"WebSite","@id":"https:\/\/metalimpexgroup.com\/#website","url":"https:\/\/metalimpexgroup.com\/","name":"Metalimpex Group","description":"Expert de la valorisation des m\u00e9taux ferreux et non-ferreux","publisher":{"@id":"https:\/\/metalimpexgroup.com\/#organization"},"potentialAction":[{"@type":"SearchAction","target":{"@type":"EntryPoint","urlTemplate":"https:\/\/metalimpexgroup.com\/?s={search_term_string}"},"query-input":{"@type":"PropertyValueSpecification","valueRequired":true,"valueName":"search_term_string"}}],"inLanguage":"fr-FR"},{"@type":"Organization","@id":"https:\/\/metalimpexgroup.com\/#organization","name":"Metalimpex Group","url":"https:\/\/metalimpexgroup.com\/","logo":{"@type":"ImageObject","inLanguage":"fr-FR","@id":"https:\/\/metalimpexgroup.com\/#\/schema\/logo\/image\/","url":"https:\/\/metalimpexgroup.com\/wp-content\/uploads\/2022\/07\/logo-white.svg","contentUrl":"https:\/\/metalimpexgroup.com\/wp-content\/uploads\/2022\/07\/logo-white.svg","width":135,"height":65,"caption":"Metalimpex Group"},"image":{"@id":"https:\/\/metalimpexgroup.com\/#\/schema\/logo\/image\/"}}]}},"_links":{"self":[{"href":"https:\/\/metalimpexgroup.com\/fr\/wp-json\/wp\/v2\/pages\/4842","targetHints":{"allow":["GET"]}}],"collection":[{"href":"https:\/\/metalimpexgroup.com\/fr\/wp-json\/wp\/v2\/pages"}],"about":[{"href":"https:\/\/metalimpexgroup.com\/fr\/wp-json\/wp\/v2\/types\/page"}],"author":[{"embeddable":true,"href":"https:\/\/metalimpexgroup.com\/fr\/wp-json\/wp\/v2\/users\/1"}],"replies":[{"embeddable":true,"href":"https:\/\/metalimpexgroup.com\/fr\/wp-json\/wp\/v2\/comments?post=4842"}],"version-history":[{"count":13,"href":"https:\/\/metalimpexgroup.com\/fr\/wp-json\/wp\/v2\/pages\/4842\/revisions"}],"predecessor-version":[{"id":13204,"href":"https:\/\/metalimpexgroup.com\/fr\/wp-json\/wp\/v2\/pages\/4842\/revisions\/13204"}],"wp:attachment":[{"href":"https:\/\/metalimpexgroup.com\/fr\/wp-json\/wp\/v2\/media?parent=4842"}],"curies":[{"name":"wp","href":"https:\/\/api.w.org\/{rel}","templated":true}]}}